{"id":1642,"date":"2026-01-28T18:57:16","date_gmt":"2026-01-28T17:57:16","guid":{"rendered":"https:\/\/paroisses-ndl-spx.fr\/?page_id=1642"},"modified":"2026-01-28T18:57:16","modified_gmt":"2026-01-28T17:57:16","slug":"formulaire-inscription-parcours-gratitude","status":"publish","type":"page","link":"https:\/\/paroisses-ndl-spx.fr\/?page_id=1642","title":{"rendered":"Formulaire Inscription Parcours Gratitude"},"content":{"rendered":"<style id=\"wpforms-css-vars-1638-block-3ca79411-6b70-4ef1-ad0b-4098f4d49f79\">\n\t\t\t\t#wpforms-1638.wpforms-block-3ca79411-6b70-4ef1-ad0b-4098f4d49f79 {\n\t\t\t\t--wpforms-field-size-input-height: 43px;\n--wpforms-field-size-input-spacing: 15px;\n--wpforms-field-size-font-size: 16px;\n--wpforms-field-size-line-height: 19px;\n--wpforms-field-size-padding-h: 14px;\n--wpforms-field-size-checkbox-size: 16px;\n--wpforms-field-size-sublabel-spacing: 5px;\n--wpforms-field-size-icon-size: 1;\n--wpforms-label-size-font-size: 16px;\n--wpforms-label-size-line-height: 19px;\n--wpforms-label-size-sublabel-font-size: 14px;\n--wpforms-label-size-sublabel-line-height: 17px;\n--wpforms-button-size-font-size: 17px;\n--wpforms-button-size-height: 41px;\n--wpforms-button-size-padding-h: 15px;\n--wpforms-button-size-margin-top: 10px;\n\t\t\t}\n\t\t\t<\/style><div class=\"wpforms-container wpforms-container-full wpforms-block wpforms-block-3ca79411-6b70-4ef1-ad0b-4098f4d49f79 wpforms-render-modern\" id=\"wpforms-1638\"><form id=\"wpforms-form-1638\" class=\"wpforms-validate wpforms-form wpforms-ajax-form\" data-formid=\"1638\" method=\"post\" enctype=\"multipart\/form-data\" action=\"\/index.php?rest_route=%2Fwp%2Fv2%2Fpages%2F1642\" data-token=\"1cc60ab3e0cdfa89ece0c18b2f530380\" data-token-time=\"1775257905\"><noscript class=\"wpforms-error-noscript\">Veuillez activer JavaScript dans votre navigateur pour remplir ce formulaire.<\/noscript><div id=\"wpforms-error-noscript\" style=\"display: none;\">Veuillez activer JavaScript dans votre navigateur pour remplir ce formulaire.<\/div><div class=\"wpforms-field-container\"><div id=\"wpforms-1638-field_1-container\" class=\"wpforms-field wpforms-field-name\" data-field-id=\"1\"><fieldset><legend class=\"wpforms-field-label\">Nom <span class=\"wpforms-required-label\" aria-hidden=\"true\">*<\/span><\/legend><div class=\"wpforms-field-row wpforms-field-medium\"><div class=\"wpforms-field-row-block wpforms-first wpforms-one-half\"><input type=\"text\" id=\"wpforms-1638-field_1\" class=\"wpforms-field-name-first wpforms-field-required\" name=\"wpforms[fields][1][first]\" aria-errormessage=\"wpforms-1638-field_1-error\" required><label for=\"wpforms-1638-field_1\" class=\"wpforms-field-sublabel after\">Pr\u00e9nom<\/label><\/div><div class=\"wpforms-field-row-block wpforms-one-half\"><input type=\"text\" id=\"wpforms-1638-field_1-last\" class=\"wpforms-field-name-last wpforms-field-required\" name=\"wpforms[fields][1][last]\" aria-errormessage=\"wpforms-1638-field_1-last-error\" required><label for=\"wpforms-1638-field_1-last\" class=\"wpforms-field-sublabel after\">Nom<\/label><\/div><\/div><\/fieldset><\/div><div id=\"wpforms-1638-field_2-container\" class=\"wpforms-field wpforms-field-email\" data-field-id=\"2\"><label class=\"wpforms-field-label\" for=\"wpforms-1638-field_2\">E-mail <span class=\"wpforms-required-label\" aria-hidden=\"true\">*<\/span><\/label><input type=\"email\" id=\"wpforms-1638-field_2\" class=\"wpforms-field-medium wpforms-field-required\" name=\"wpforms[fields][2]\" spellcheck=\"false\" aria-errormessage=\"wpforms-1638-field_2-error\" required><\/div><div id=\"wpforms-1638-field_5-container\" class=\"wpforms-field wpforms-field-text\" data-field-id=\"5\"><label class=\"wpforms-field-label\" for=\"wpforms-1638-field_5\">Num\u00e9ro de t\u00e9l\u00e9phone<\/label><input type=\"text\" id=\"wpforms-1638-field_5\" class=\"wpforms-field-medium\" name=\"wpforms[fields][5]\" aria-errormessage=\"wpforms-1638-field_5-error\" ><\/div><div id=\"wpforms-1638-field_6-container\" class=\"wpforms-field wpforms-field-text\" data-field-id=\"6\"><label class=\"wpforms-field-label\" for=\"wpforms-1638-field_6\">Adresse<\/label><input type=\"text\" id=\"wpforms-1638-field_6\" class=\"wpforms-field-medium\" name=\"wpforms[fields][6]\" aria-errormessage=\"wpforms-1638-field_6-error\" ><\/div><div id=\"wpforms-1638-field_7-container\" class=\"wpforms-field wpforms-field-text\" data-field-id=\"7\"><label class=\"wpforms-field-label\" for=\"wpforms-1638-field_7\">Interphone\/code\/\u00e9tage<\/label><input type=\"text\" id=\"wpforms-1638-field_7\" class=\"wpforms-field-medium\" name=\"wpforms[fields][7]\" aria-errormessage=\"wpforms-1638-field_7-error\" ><\/div><div id=\"wpforms-1638-field_10-container\" class=\"wpforms-field wpforms-field-radio\" data-field-id=\"10\"><fieldset><legend class=\"wpforms-field-label\">Je souhaite<\/legend><ul id=\"wpforms-1638-field_10\"><li class=\"choice-1 depth-1\"><input type=\"radio\" id=\"wpforms-1638-field_10_1\" name=\"wpforms[fields][10]\" value=\"m&#039;inscrire au parcours (20h)\" aria-errormessage=\"wpforms-1638-field_10_1-error\"  ><label class=\"wpforms-field-label-inline\" for=\"wpforms-1638-field_10_1\">m&rsquo;inscrire au parcours (20h)<\/label><\/li><\/ul><\/fieldset><\/div>\t\t<div id=\"wpforms-1638-field_3-container\"\n\t\t\tclass=\"wpforms-field wpforms-field-text\"\n\t\t\tdata-field-type=\"text\"\n\t\t\tdata-field-id=\"3\"\n\t\t\t>\n\t\t\t<label class=\"wpforms-field-label\" for=\"wpforms-1638-field_3\" >Je Nom Je<\/label>\n\t\t\t<input type=\"text\" id=\"wpforms-1638-field_3\" class=\"wpforms-field-medium\" name=\"wpforms[fields][3]\" >\n\t\t<\/div>\n\t\t<div id=\"wpforms-1638-field_16-container\" class=\"wpforms-field wpforms-field-radio\" data-field-id=\"16\"><fieldset><legend class=\"wpforms-field-label\">Je souhaite <\/legend><ul id=\"wpforms-1638-field_16\"><li class=\"choice-2 depth-1\"><input type=\"radio\" id=\"wpforms-1638-field_16_2\" name=\"wpforms[fields][16]\" value=\"m&#039;inscrire au pain\/pommes \u00e0 St Pie X (19h15)\" aria-errormessage=\"wpforms-1638-field_16_2-error\"  ><label class=\"wpforms-field-label-inline\" for=\"wpforms-1638-field_16_2\">m&rsquo;inscrire au pain\/pommes \u00e0 St Pie X (19h15)<\/label><\/li><\/ul><\/fieldset><\/div><div id=\"wpforms-1638-field_9-container\" class=\"wpforms-field wpforms-field-radio\" data-field-id=\"9\"><fieldset><legend class=\"wpforms-field-label\">Combien sommes-nous ?<\/legend><ul id=\"wpforms-1638-field_9\"><li class=\"choice-1 depth-1\"><input type=\"radio\" id=\"wpforms-1638-field_9_1\" name=\"wpforms[fields][9]\" value=\"Je suis seul\" aria-errormessage=\"wpforms-1638-field_9_1-error\"  ><label class=\"wpforms-field-label-inline\" for=\"wpforms-1638-field_9_1\">Je suis seul<\/label><\/li><li class=\"choice-2 depth-1\"><input type=\"radio\" id=\"wpforms-1638-field_9_2\" name=\"wpforms[fields][9]\" value=\"Nous sommes deux\" aria-errormessage=\"wpforms-1638-field_9_2-error\"  ><label class=\"wpforms-field-label-inline\" for=\"wpforms-1638-field_9_2\">Nous sommes deux<\/label><\/li><\/ul><\/fieldset><\/div><script>\n\t\t\t\t( function() {\n\t\t\t\t\tconst style = document.createElement( 'style' );\n\t\t\t\t\tstyle.appendChild( document.createTextNode( '#wpforms-1638-field_3-container { position: absolute !important; overflow: hidden !important; display: inline !important; height: 1px !important; width: 1px !important; z-index: -1000 !important; padding: 0 !important; } #wpforms-1638-field_3-container input { visibility: hidden; } #wpforms-conversational-form-page #wpforms-1638-field_3-container label { counter-increment: none; }' ) );\n\t\t\t\t\tdocument.head.appendChild( style );\n\t\t\t\t\tdocument.currentScript?.remove();\n\t\t\t\t} )();\n\t\t\t<\/script><\/div><!-- .wpforms-field-container --><div class=\"wpforms-submit-container\" ><input type=\"hidden\" name=\"wpforms[id]\" value=\"1638\"><input type=\"hidden\" name=\"page_title\" value=\"\"><input type=\"hidden\" name=\"page_url\" value=\"https:\/\/paroisses-ndl-spx.fr\/index.php?rest_route=\/wp\/v2\/pages\/1642\"><input type=\"hidden\" name=\"url_referer\" value=\"\"><button type=\"submit\" name=\"wpforms[submit]\" id=\"wpforms-submit-1638\" class=\"wpforms-submit\" data-alt-text=\"Envoi...\" data-submit-text=\"Envoyer\" aria-live=\"assertive\" value=\"wpforms-submit\">Envoyer<\/button><img loading=\"lazy\" decoding=\"async\" src=\"https:\/\/paroisses-ndl-spx.fr\/wp-content\/plugins\/wpforms-lite\/assets\/images\/submit-spin.svg\" class=\"wpforms-submit-spinner\" style=\"display: none;\" width=\"26\" height=\"26\" alt=\"Chargement en cours\"><\/div><\/form><\/div>  <!-- .wpforms-container -->","protected":false},"excerpt":{"rendered":"","protected":false},"author":3,"featured_media":0,"parent":0,"menu_order":0,"comment_status":"closed","ping_status":"closed","template":"","meta":{"iawp_total_views":194,"footnotes":""},"class_list":["post-1642","page","type-page","status-publish","hentry","entry"],"_links":{"self":[{"href":"https:\/\/paroisses-ndl-spx.fr\/index.php?rest_route=\/wp\/v2\/pages\/1642","targetHints":{"allow":["GET"]}}],"collection":[{"href":"https:\/\/paroisses-ndl-spx.fr\/index.php?rest_route=\/wp\/v2\/pages"}],"about":[{"href":"https:\/\/paroisses-ndl-spx.fr\/index.php?rest_route=\/wp\/v2\/types\/page"}],"author":[{"embeddable":true,"href":"https:\/\/paroisses-ndl-spx.fr\/index.php?rest_route=\/wp\/v2\/users\/3"}],"replies":[{"embeddable":true,"href":"https:\/\/paroisses-ndl-spx.fr\/index.php?rest_route=%2Fwp%2Fv2%2Fcomments&post=1642"}],"version-history":[{"count":1,"href":"https:\/\/paroisses-ndl-spx.fr\/index.php?rest_route=\/wp\/v2\/pages\/1642\/revisions"}],"predecessor-version":[{"id":1643,"href":"https:\/\/paroisses-ndl-spx.fr\/index.php?rest_route=\/wp\/v2\/pages\/1642\/revisions\/1643"}],"wp:attachment":[{"href":"https:\/\/paroisses-ndl-spx.fr\/index.php?rest_route=%2Fwp%2Fv2%2Fmedia&parent=1642"}],"curies":[{"name":"wp","href":"https:\/\/api.w.org\/{rel}","templated":true}]}}