{"id":168,"date":"2024-09-06T15:13:58","date_gmt":"2024-09-06T13:13:58","guid":{"rendered":"http:\/\/paroisses-ndl-spx.fr\/?page_id=168"},"modified":"2025-03-19T11:56:19","modified_gmt":"2025-03-19T10:56:19","slug":"offrir-une-messe-paroissiale-paroisses-vannes-notre-dame-de-lourdes-saint-pie-x-ndl-spx","status":"publish","type":"page","link":"https:\/\/paroisses-ndl-spx.fr\/?page_id=168","title":{"rendered":"Offrir une messe"},"content":{"rendered":"\n<blockquote class=\"wp-block-quote is-layout-flow wp-block-quote-is-layout-flow\">\n<p>Un beau cadeau pour ceux que l\u2019on aime<\/p>\n<\/blockquote>\n\n\n<div class=\"wp-block-image\">\n<figure class=\"aligncenter size-full\"><img loading=\"lazy\" decoding=\"async\" width=\"640\" height=\"427\" src=\"http:\/\/paroisses-ndl-spx.fr\/wp-content\/uploads\/2024\/11\/messe-rorarte-1-spx.jpg\" alt=\"\" class=\"wp-image-725\" srcset=\"https:\/\/paroisses-ndl-spx.fr\/wp-content\/uploads\/2024\/11\/messe-rorarte-1-spx.jpg 640w, https:\/\/paroisses-ndl-spx.fr\/wp-content\/uploads\/2024\/11\/messe-rorarte-1-spx-300x200.jpg 300w\" sizes=\"auto, (max-width: 640px) 100vw, 640px\" \/><\/figure>\n<\/div>\n\n\n<div style=\"height:40px\" aria-hidden=\"true\" class=\"wp-block-spacer\"><\/div>\n\n\n\n<h2 class=\"wp-block-heading has-secondary-color has-text-color has-link-color wp-elements-3297cf8ab681677657ca8d352b422dbd\">Offrir une messe<\/h2>\n\n\n\n<h3 class=\"wp-block-heading\">Pour les vivants\u2026<\/h3>\n\n\n\n<p>Toute messe est c\u00e9l\u00e9br\u00e9e pour le salut du monde entier&nbsp;:&nbsp;<em>\u00ab&nbsp;Ceci est mon corps livr\u00e9 pour vous. Ceci est mon sang vers\u00e9 pour la multitude&nbsp;\u00bb,<\/em>&nbsp;dit J\u00e9sus.&nbsp;Mais on a toujours reconnu la possibilit\u00e9 de joindre \u00e0 cette intention g\u00e9n\u00e9rale une intention particuli\u00e8re&nbsp;: pour un malade, une personne \u00e9prouv\u00e9e, pour la conversion des p\u00e9cheurs, pour une action de gr\u00e2ce, pour un anniversaire de mariage, un \u00e9v\u00e9nement important\u2026<\/p>\n\n\n\n<h3 class=\"wp-block-heading\">\u2026et pour les morts<\/h3>\n\n\n\n<p>Nous sommes invit\u00e9s \u00e9galement \u00e0 prier pour nos fr\u00e8res d\u00e9funts et toutes les \u00e2mes du Purgatoire, car dans le Christ nous restons li\u00e9s fortement \u00e0 ceux qui nous ont quitt\u00e9s. C\u2019est ce qu\u2019on appelle la communion des saints.&nbsp;En faisant c\u00e9l\u00e9brer l\u2019eucharistie \u00e0 leur intention, l\u2019Eglise les confie \u00e0 l\u2019amour du Christ qui a livr\u00e9 sa vie pour la multitude.<\/p>\n\n\n\n<hr class=\"wp-block-separator has-text-color has-secondary-color has-alpha-channel-opacity has-secondary-background-color has-background is-style-wide\"\/>\n\n\n\n<h2 class=\"wp-block-heading has-secondary-color has-text-color has-link-color wp-elements-f1849106b7334e615da0bbe36a7283ce\">L\u2019offrande de messe<\/h2>\n\n\n\n<p>Offrir une messe, c\u2019est prier et m\u00eame s\u2019offrir soi-m\u00eame avec le Christ qui donne sa vie pour nous.&nbsp;<br>La messe n\u2019a pas de prix&nbsp;: elle est la gratuit\u00e9 infinie du don de Dieu. Cependant, d\u00e8s les origines, les fid\u00e8les ont voulu signifier leur participation par des offrandes en nature ou en esp\u00e8ce. Ces offrandes \u00e9taient destin\u00e9es \u00e0 assurer la vie de l\u2019Eglise, les frais de culte et la subsistance des pr\u00eatres.<\/p>\n\n\n\n<p><strong>Dans notre dioc\u00e8se, voici les montants indicatifs<\/strong>\u00a0(chacun donne selon ses possibilit\u00e9s) :<\/p>\n\n\n\n<ul class=\"wp-block-list\">\n<li><strong>Messe : 18 \u20ac<\/strong><\/li>\n\n\n\n<li><strong>Neuvaine\u00a0<\/strong>(9 messes c\u00e9l\u00e9br\u00e9es sur 9 jours cons\u00e9cutifs)<strong>\u00a0: 180 \u20ac<\/strong><\/li>\n\n\n\n<li><strong>Trentain\u00a0<\/strong>(30 messes c\u00e9l\u00e9br\u00e9es sur 30 jours cons\u00e9cutifs)<strong>\u00a0: 630 \u20ac<\/strong><\/li>\n<\/ul>\n\n\n\n<p><strong>Concr\u00e8tement, vous pouvez envoyer votre offrande \u00e0 la paroisse ou la d\u00e9poser dans la bo\u00eete aux lettres, en notifiant bien votre intention.\u00a0Si vous souhaitez choisir une date pr\u00e9cise<\/strong>, vous devez passer \u00e0 l\u2019accueil de la paroisse concern\u00e9e, ou la contacter par t\u00e9l\u00e9phone avant d\u2019envoyer votre offrande.<\/p>\n","protected":false},"excerpt":{"rendered":"<p>Un beau cadeau pour ceux que l\u2019on aime Offrir une messe Pour les vivants\u2026 Toute messe est c\u00e9l\u00e9br\u00e9e pour le salut du monde entier&nbsp;:&nbsp;\u00ab&nbsp;Ceci est mon corps livr\u00e9 pour vous. Ceci est mon sang vers\u00e9 pour la multitude&nbsp;\u00bb,&nbsp;dit J\u00e9sus.&nbsp;Mais on a toujours reconnu la possibilit\u00e9 de joindre \u00e0 cette intention g\u00e9n\u00e9rale une intention particuli\u00e8re&nbsp;: pour<a class=\"more-link\" href=\"https:\/\/paroisses-ndl-spx.fr\/?page_id=168\">Lire la suite <span class=\"screen-reader-text\">\u00ab\u00a0Offrir une messe\u00a0\u00bb<\/span><\/a><\/p>\n","protected":false},"author":1,"featured_media":0,"parent":0,"menu_order":0,"comment_status":"closed","ping_status":"closed","template":"","meta":{"iawp_total_views":185,"footnotes":""},"class_list":["post-168","page","type-page","status-publish","hentry","entry"],"_links":{"self":[{"href":"https:\/\/paroisses-ndl-spx.fr\/index.php?rest_route=\/wp\/v2\/pages\/168","targetHints":{"allow":["GET"]}}],"collection":[{"href":"https:\/\/paroisses-ndl-spx.fr\/index.php?rest_route=\/wp\/v2\/pages"}],"about":[{"href":"https:\/\/paroisses-ndl-spx.fr\/index.php?rest_route=\/wp\/v2\/types\/page"}],"author":[{"embeddable":true,"href":"https:\/\/paroisses-ndl-spx.fr\/index.php?rest_route=\/wp\/v2\/users\/1"}],"replies":[{"embeddable":true,"href":"https:\/\/paroisses-ndl-spx.fr\/index.php?rest_route=%2Fwp%2Fv2%2Fcomments&post=168"}],"version-history":[{"count":11,"href":"https:\/\/paroisses-ndl-spx.fr\/index.php?rest_route=\/wp\/v2\/pages\/168\/revisions"}],"predecessor-version":[{"id":1342,"href":"https:\/\/paroisses-ndl-spx.fr\/index.php?rest_route=\/wp\/v2\/pages\/168\/revisions\/1342"}],"wp:attachment":[{"href":"https:\/\/paroisses-ndl-spx.fr\/index.php?rest_route=%2Fwp%2Fv2%2Fmedia&parent=168"}],"curies":[{"name":"wp","href":"https:\/\/api.w.org\/{rel}","templated":true}]}}