{"id":185,"date":"2024-09-06T15:18:22","date_gmt":"2024-09-06T13:18:22","guid":{"rendered":"http:\/\/paroisses-ndl-spx.fr\/?page_id=185"},"modified":"2025-03-19T11:57:48","modified_gmt":"2025-03-19T10:57:48","slug":"saint-vincent-de-paul-paroissiale-paroisses-vannes-notre-dame-de-lourdes-saint-pie-x-ndl-spx","status":"publish","type":"page","link":"https:\/\/paroisses-ndl-spx.fr\/?page_id=185","title":{"rendered":"Saint Vincent de Paul"},"content":{"rendered":"\n<blockquote class=\"wp-block-quote is-layout-flow wp-block-quote-is-layout-flow\">\n<p>\u00ab&nbsp;Plus vous donnerez, et plus vous recevrez.&nbsp;\u00bb<br>Saint Vincent de Paul<\/p>\n<\/blockquote>\n\n\n\n<p>La Soci\u00e9t\u00e9 de Saint-Vincent-de-Paul est un r\u00e9seau de charit\u00e9 de proximit\u00e9, au service des personnes seules ou d\u00e9munies.<\/p>\n\n\n<div class=\"wp-block-image\">\n<figure class=\"aligncenter size-full\"><img loading=\"lazy\" decoding=\"async\" width=\"400\" height=\"357\" src=\"http:\/\/paroisses-ndl-spx.fr\/wp-content\/uploads\/2024\/10\/eglise-saint-pie-x-paroisses-vannes-notre-dame-de-lourdes-ndl-spx-societe-st-vincent-de-paul.jpg\" alt=\"\" class=\"wp-image-493\" srcset=\"https:\/\/paroisses-ndl-spx.fr\/wp-content\/uploads\/2024\/10\/eglise-saint-pie-x-paroisses-vannes-notre-dame-de-lourdes-ndl-spx-societe-st-vincent-de-paul.jpg 400w, https:\/\/paroisses-ndl-spx.fr\/wp-content\/uploads\/2024\/10\/eglise-saint-pie-x-paroisses-vannes-notre-dame-de-lourdes-ndl-spx-societe-st-vincent-de-paul-300x268.jpg 300w\" sizes=\"auto, (max-width: 400px) 100vw, 400px\" \/><\/figure>\n<\/div>\n\n\n<div style=\"height:19px\" aria-hidden=\"true\" class=\"wp-block-spacer\"><\/div>\n\n\n\n<p>Vous d\u00e9sirez rejoindre nos \u00e9quipes et donner un peu de votre temps et beaucoup d\u2019amour alors n\u2019h\u00e9sitez pas et prenez contact avec nous.<\/p>\n\n\n\n<h2 class=\"wp-block-heading has-secondary-color has-text-color has-link-color wp-elements-d7b27558d4ae4fca396bf73ec646cd42\">Contacts<\/h2>\n\n\n\n<ul class=\"wp-block-list\">\n<li><strong>Pour Notre-Dame de Lourdes<\/strong> : <strong>Mich\u00e8le Vanimschoot &#8211; <\/strong><a href=\"tel:0652478652\">06 52 47 86 52<\/a><\/li>\n\n\n\n<li><strong>Pour Saint-Pie X : <strong>Marie Annick de Kercadio<\/strong><\/strong> <strong>&#8211; <\/strong><a href=\"tel:0665253200\">06 65 25 32 00<\/a><\/li>\n<\/ul>\n","protected":false},"excerpt":{"rendered":"<p>\u00ab&nbsp;Plus vous donnerez, et plus vous recevrez.&nbsp;\u00bbSaint Vincent de Paul La Soci\u00e9t\u00e9 de Saint-Vincent-de-Paul est un r\u00e9seau de charit\u00e9 de proximit\u00e9, au service des personnes seules ou d\u00e9munies. Vous d\u00e9sirez rejoindre nos \u00e9quipes et donner un peu de votre temps et beaucoup d\u2019amour alors n\u2019h\u00e9sitez pas et prenez contact avec nous. Contacts<\/p>\n","protected":false},"author":1,"featured_media":0,"parent":0,"menu_order":0,"comment_status":"closed","ping_status":"closed","template":"","meta":{"iawp_total_views":110,"footnotes":""},"class_list":["post-185","page","type-page","status-publish","hentry","entry"],"_links":{"self":[{"href":"https:\/\/paroisses-ndl-spx.fr\/index.php?rest_route=\/wp\/v2\/pages\/185","targetHints":{"allow":["GET"]}}],"collection":[{"href":"https:\/\/paroisses-ndl-spx.fr\/index.php?rest_route=\/wp\/v2\/pages"}],"about":[{"href":"https:\/\/paroisses-ndl-spx.fr\/index.php?rest_route=\/wp\/v2\/types\/page"}],"author":[{"embeddable":true,"href":"https:\/\/paroisses-ndl-spx.fr\/index.php?rest_route=\/wp\/v2\/users\/1"}],"replies":[{"embeddable":true,"href":"https:\/\/paroisses-ndl-spx.fr\/index.php?rest_route=%2Fwp%2Fv2%2Fcomments&post=185"}],"version-history":[{"count":9,"href":"https:\/\/paroisses-ndl-spx.fr\/index.php?rest_route=\/wp\/v2\/pages\/185\/revisions"}],"predecessor-version":[{"id":1345,"href":"https:\/\/paroisses-ndl-spx.fr\/index.php?rest_route=\/wp\/v2\/pages\/185\/revisions\/1345"}],"wp:attachment":[{"href":"https:\/\/paroisses-ndl-spx.fr\/index.php?rest_route=%2Fwp%2Fv2%2Fmedia&parent=185"}],"curies":[{"name":"wp","href":"https:\/\/api.w.org\/{rel}","templated":true}]}}