{"id":187,"date":"2024-09-06T15:18:41","date_gmt":"2024-09-06T13:18:41","guid":{"rendered":"http:\/\/paroisses-ndl-spx.fr\/?page_id=187"},"modified":"2025-03-19T11:39:17","modified_gmt":"2025-03-19T10:39:17","slug":"visites-personnes-isolees-paroissiale-paroisses-vannes-notre-dame-de-lourdes-saint-pie-x-ndl-spx","status":"publish","type":"page","link":"https:\/\/paroisses-ndl-spx.fr\/?page_id=187","title":{"rendered":"Visites personnes isol\u00e9es"},"content":{"rendered":"\n<blockquote class=\"wp-block-quote is-layout-flow wp-block-quote-is-layout-flow\">\n<p>\u00ab&nbsp;Habiter une maison o\u00f9 r\u00e8gne la charit\u00e9 fraternelle, c\u2019est vivre dans un paradis.&nbsp;\u00bb Saint Vincent de Paul&nbsp;<\/p>\n<\/blockquote>\n\n\n\n<p>Des paroissiens vont visiter des personnes isol\u00e9es, dans le cadre de <a href=\"https:\/\/paroisses-ndl-spx.fr\/?page_id=185\" data-type=\"page\" data-id=\"185\">la conf\u00e9rence Saint Vincent de Paul<\/a>.<\/p>\n\n\n\n<h2 class=\"wp-block-heading has-secondary-color has-text-color has-link-color wp-elements-5912d173b54e0b62f39f546d03927d8d\">Contact<\/h2>\n\n\n\n<p>Vous vous sentez seuls et aimeriez \u00eatre visit\u00e9 ou vous avez du temps et \u00eatre pr\u00eat \u00e0 rendre visite \u00e0 une personne seule, alors n\u2019h\u00e9sitez pas et prenez contact avec nous.<\/p>\n\n\n\n<ul class=\"wp-block-list\">\n<li><strong>Pour Notre-Dame de Lourdes : Mich\u00e8le Vanimschoot<\/strong>&nbsp;&#8211; <a href=\"tel:0652478652\">06 52 47 86 52<\/a><\/li>\n\n\n\n<li><strong>Pour Saint-Pie X : Marie Annick de Kercadio &#8211;\u00a0<\/strong><a href=\"tel:0665253200\">06 65 25 32 00<\/a><\/li>\n<\/ul>\n","protected":false},"excerpt":{"rendered":"<p>\u00ab&nbsp;Habiter une maison o\u00f9 r\u00e8gne la charit\u00e9 fraternelle, c\u2019est vivre dans un paradis.&nbsp;\u00bb Saint Vincent de Paul&nbsp; Des paroissiens vont visiter des personnes isol\u00e9es, dans le cadre de la conf\u00e9rence Saint Vincent de Paul. Contact Vous vous sentez seuls et aimeriez \u00eatre visit\u00e9 ou vous avez du temps et \u00eatre pr\u00eat \u00e0 rendre visite \u00e0<a class=\"more-link\" href=\"https:\/\/paroisses-ndl-spx.fr\/?page_id=187\">Lire la suite <span class=\"screen-reader-text\">\u00ab\u00a0Visites personnes isol\u00e9es\u00a0\u00bb<\/span><\/a><\/p>\n","protected":false},"author":1,"featured_media":0,"parent":0,"menu_order":0,"comment_status":"closed","ping_status":"closed","template":"","meta":{"iawp_total_views":124,"footnotes":""},"class_list":["post-187","page","type-page","status-publish","hentry","entry"],"_links":{"self":[{"href":"https:\/\/paroisses-ndl-spx.fr\/index.php?rest_route=\/wp\/v2\/pages\/187","targetHints":{"allow":["GET"]}}],"collection":[{"href":"https:\/\/paroisses-ndl-spx.fr\/index.php?rest_route=\/wp\/v2\/pages"}],"about":[{"href":"https:\/\/paroisses-ndl-spx.fr\/index.php?rest_route=\/wp\/v2\/types\/page"}],"author":[{"embeddable":true,"href":"https:\/\/paroisses-ndl-spx.fr\/index.php?rest_route=\/wp\/v2\/users\/1"}],"replies":[{"embeddable":true,"href":"https:\/\/paroisses-ndl-spx.fr\/index.php?rest_route=%2Fwp%2Fv2%2Fcomments&post=187"}],"version-history":[{"count":10,"href":"https:\/\/paroisses-ndl-spx.fr\/index.php?rest_route=\/wp\/v2\/pages\/187\/revisions"}],"predecessor-version":[{"id":1320,"href":"https:\/\/paroisses-ndl-spx.fr\/index.php?rest_route=\/wp\/v2\/pages\/187\/revisions\/1320"}],"wp:attachment":[{"href":"https:\/\/paroisses-ndl-spx.fr\/index.php?rest_route=%2Fwp%2Fv2%2Fmedia&parent=187"}],"curies":[{"name":"wp","href":"https:\/\/api.w.org\/{rel}","templated":true}]}}