{"id":197,"date":"2024-09-06T15:23:17","date_gmt":"2024-09-06T13:23:17","guid":{"rendered":"http:\/\/paroisses-ndl-spx.fr\/?page_id=197"},"modified":"2025-03-19T11:40:11","modified_gmt":"2025-03-19T10:40:11","slug":"chanter-paroissiale-paroisses-vannes-notre-dame-de-lourdes-saint-pie-x-ndl-spx","status":"publish","type":"page","link":"https:\/\/paroisses-ndl-spx.fr\/?page_id=197","title":{"rendered":"Chanter"},"content":{"rendered":"\n<blockquote class=\"wp-block-quote is-layout-flow wp-block-quote-is-layout-flow\">\n<p>\u00ab&nbsp;Chantez pour le Seigneur un chant nouveau!<br>Chantez sa louange dans l\u2019assembl\u00e9e des fid\u00e8les!&nbsp;\u00bb<br>Ps 149<\/p>\n<\/blockquote>\n\n\n\n<p>Vous aimeriez participer \u00e0 la beaut\u00e9 de la messe, aider les paroissiens \u00e0 rendre gloire \u00e0 Dieu en pr\u00eatant votre voix ou en jouant d\u2019un instrument de musique\u2026 Venez rejoindre les Ch\u0153urs de Saint-Pie X et Notre-Dame de Lourdes !<\/p>\n\n\n\n<blockquote class=\"wp-block-quote is-layout-flow wp-block-quote-is-layout-flow\">\n<p><\/p>\n<\/blockquote>\n\n\n<div class=\"wp-block-image\">\n<figure class=\"aligncenter size-full\"><img loading=\"lazy\" decoding=\"async\" width=\"800\" height=\"600\" src=\"http:\/\/paroisses-ndl-spx.fr\/wp-content\/uploads\/2024\/12\/eglise-saint-pie-x-paroisses-vannes-notre-dame-de-lourdes-ndl-spx-chant-3.jpg\" alt=\"\" class=\"wp-image-1004\" srcset=\"https:\/\/paroisses-ndl-spx.fr\/wp-content\/uploads\/2024\/12\/eglise-saint-pie-x-paroisses-vannes-notre-dame-de-lourdes-ndl-spx-chant-3.jpg 800w, https:\/\/paroisses-ndl-spx.fr\/wp-content\/uploads\/2024\/12\/eglise-saint-pie-x-paroisses-vannes-notre-dame-de-lourdes-ndl-spx-chant-3-300x225.jpg 300w, https:\/\/paroisses-ndl-spx.fr\/wp-content\/uploads\/2024\/12\/eglise-saint-pie-x-paroisses-vannes-notre-dame-de-lourdes-ndl-spx-chant-3-768x576.jpg 768w\" sizes=\"auto, (max-width: 800px) 100vw, 800px\" \/><\/figure>\n<\/div>\n\n\n<div style=\"height:40px\" aria-hidden=\"true\" class=\"wp-block-spacer\"><\/div>\n\n\n\n<h2 class=\"wp-block-heading has-secondary-color has-text-color has-link-color wp-elements-04bb0b858c0c94606d37ef0e92619c02\">Petit Ch\u0153ur de Notre-Dame de Lourdes<\/h2>\n\n\n\n<p>Animations des grandes f\u00eates liturgiques. R\u00e9p\u00e9tition chaque mardi soir \u00e0 20h30.<\/p>\n\n\n\n<p><strong>Contact : Marie-Luce Gu\u00e9zel<\/strong>&nbsp;: <a href=\"tel:0649863439\">06 49 86 34 39<\/a><\/p>\n\n\n\n<div style=\"height:40px\" aria-hidden=\"true\" class=\"wp-block-spacer\"><\/div>\n\n\n\n<h2 class=\"wp-block-heading has-secondary-color has-text-color has-link-color wp-elements-9ba66a6c321c554c45615f78c8f95edb\">Petit Ch\u0153ur de Saint-Pie X<\/h2>\n\n\n\n<p>R\u00e9p\u00e9tition un mardi soir par mois.<\/p>\n\n\n\n<p><strong>Contact : V\u00e9ronique Buff\u00e9<\/strong>&nbsp;:&nbsp;<a href=\"tel:0662809406\">06 62 80 94 06<\/a><\/p>\n\n\n\n<div style=\"height:40px\" aria-hidden=\"true\" class=\"wp-block-spacer\"><\/div>\n\n\n\n<h2 class=\"wp-block-heading has-secondary-color has-text-color has-link-color wp-elements-155a8b413d19118aa608296dc66c9dba\">Musiciens et organistes<\/h2>\n\n\n\n<p><strong>Contact : Marie-Luce Gu\u00e9zel<\/strong>&nbsp;: <a href=\"tel:0649863439\">06 49 86 34 39<\/a><\/p>\n\n\n<div class=\"wp-block-image\">\n<figure class=\"aligncenter size-full\"><img loading=\"lazy\" decoding=\"async\" width=\"800\" height=\"600\" src=\"http:\/\/paroisses-ndl-spx.fr\/wp-content\/uploads\/2025\/01\/eglise-saint-pie-x-paroisses-vannes-notre-dame-de-lourdes-ndl-spx-chorale-1.jpg\" alt=\"\" class=\"wp-image-1104\" srcset=\"https:\/\/paroisses-ndl-spx.fr\/wp-content\/uploads\/2025\/01\/eglise-saint-pie-x-paroisses-vannes-notre-dame-de-lourdes-ndl-spx-chorale-1.jpg 800w, https:\/\/paroisses-ndl-spx.fr\/wp-content\/uploads\/2025\/01\/eglise-saint-pie-x-paroisses-vannes-notre-dame-de-lourdes-ndl-spx-chorale-1-300x225.jpg 300w, https:\/\/paroisses-ndl-spx.fr\/wp-content\/uploads\/2025\/01\/eglise-saint-pie-x-paroisses-vannes-notre-dame-de-lourdes-ndl-spx-chorale-1-768x576.jpg 768w\" sizes=\"auto, (max-width: 800px) 100vw, 800px\" \/><\/figure>\n<\/div>","protected":false},"excerpt":{"rendered":"<p>\u00ab&nbsp;Chantez pour le Seigneur un chant nouveau!Chantez sa louange dans l\u2019assembl\u00e9e des fid\u00e8les!&nbsp;\u00bbPs 149 Vous aimeriez participer \u00e0 la beaut\u00e9 de la messe, aider les paroissiens \u00e0 rendre gloire \u00e0 Dieu en pr\u00eatant votre voix ou en jouant d\u2019un instrument de musique\u2026 Venez rejoindre les Ch\u0153urs de Saint-Pie X et Notre-Dame de Lourdes ! Petit<a class=\"more-link\" href=\"https:\/\/paroisses-ndl-spx.fr\/?page_id=197\">Lire la suite <span class=\"screen-reader-text\">\u00ab\u00a0Chanter\u00a0\u00bb<\/span><\/a><\/p>\n","protected":false},"author":1,"featured_media":0,"parent":0,"menu_order":0,"comment_status":"closed","ping_status":"closed","template":"","meta":{"iawp_total_views":212,"footnotes":""},"class_list":["post-197","page","type-page","status-publish","hentry","entry"],"_links":{"self":[{"href":"https:\/\/paroisses-ndl-spx.fr\/index.php?rest_route=\/wp\/v2\/pages\/197","targetHints":{"allow":["GET"]}}],"collection":[{"href":"https:\/\/paroisses-ndl-spx.fr\/index.php?rest_route=\/wp\/v2\/pages"}],"about":[{"href":"https:\/\/paroisses-ndl-spx.fr\/index.php?rest_route=\/wp\/v2\/types\/page"}],"author":[{"embeddable":true,"href":"https:\/\/paroisses-ndl-spx.fr\/index.php?rest_route=\/wp\/v2\/users\/1"}],"replies":[{"embeddable":true,"href":"https:\/\/paroisses-ndl-spx.fr\/index.php?rest_route=%2Fwp%2Fv2%2Fcomments&post=197"}],"version-history":[{"count":17,"href":"https:\/\/paroisses-ndl-spx.fr\/index.php?rest_route=\/wp\/v2\/pages\/197\/revisions"}],"predecessor-version":[{"id":1322,"href":"https:\/\/paroisses-ndl-spx.fr\/index.php?rest_route=\/wp\/v2\/pages\/197\/revisions\/1322"}],"wp:attachment":[{"href":"https:\/\/paroisses-ndl-spx.fr\/index.php?rest_route=%2Fwp%2Fv2%2Fmedia&parent=197"}],"curies":[{"name":"wp","href":"https:\/\/api.w.org\/{rel}","templated":true}]}}