{"id":199,"date":"2024-09-06T15:23:39","date_gmt":"2024-09-06T13:23:39","guid":{"rendered":"http:\/\/paroisses-ndl-spx.fr\/?page_id=199"},"modified":"2025-03-19T11:40:35","modified_gmt":"2025-03-19T10:40:35","slug":"fleurir-paroissiale-paroisses-vannes-notre-dame-de-lourdes-saint-pie-x-ndl-spx","status":"publish","type":"page","link":"https:\/\/paroisses-ndl-spx.fr\/?page_id=199","title":{"rendered":"Fleurir"},"content":{"rendered":"\n<div style=\"height:16px\" aria-hidden=\"true\" class=\"wp-block-spacer\"><\/div>\n\n\n\n<blockquote class=\"wp-block-quote is-layout-flow wp-block-quote-is-layout-flow\">\n<p>\u00ab&nbsp;Les signes, surtout les signes sacramentels, doivent avoir la plus grande expressivit\u00e9. Le pain et le vin, l\u2019eau&nbsp;et l\u2019huile, mais aussi l\u2019encens, les&nbsp;cendres, le&nbsp;feu&nbsp;<strong>et les fleurs et presque tous les \u00e9l\u00e9ments de la cr\u00e9ation ont leur place dans la liturgie comme une offrande au Cr\u00e9ateur et contribuent \u00e0 la dignit\u00e9 et \u00e0 la beaut\u00e9 de la c\u00e9l\u00e9bration.&nbsp;\u00bb <\/strong>Jean Paul II<\/p>\n<\/blockquote>\n\n\n\n<p>Si vous d\u00e9sirez participer \u00e0 l\u2019embellissement de nos \u00e9glises en participant \u00e0 la confection des bouquets ou en apportant les fleurs de votre jardin, sachez que nous serons tr\u00e8s heureux de vous accueillir.<\/p>\n\n\n\n<figure class=\"wp-block-image size-full\"><img loading=\"lazy\" decoding=\"async\" width=\"800\" height=\"600\" src=\"http:\/\/paroisses-ndl-spx.fr\/wp-content\/uploads\/2024\/11\/Fleurs.jpg\" alt=\"\" class=\"wp-image-722\" srcset=\"https:\/\/paroisses-ndl-spx.fr\/wp-content\/uploads\/2024\/11\/Fleurs.jpg 800w, https:\/\/paroisses-ndl-spx.fr\/wp-content\/uploads\/2024\/11\/Fleurs-300x225.jpg 300w, https:\/\/paroisses-ndl-spx.fr\/wp-content\/uploads\/2024\/11\/Fleurs-768x576.jpg 768w\" sizes=\"auto, (max-width: 800px) 100vw, 800px\" \/><\/figure>\n\n\n\n<div style=\"height:40px\" aria-hidden=\"true\" class=\"wp-block-spacer\"><\/div>\n\n\n\n<h2 class=\"wp-block-heading has-secondary-color has-text-color has-link-color wp-elements-af520d1086d3a1eac54f858753ebae8f\">O\u00f9 et quand ?<\/h2>\n\n\n\n<p>Chaque vendredi et veille de solennit\u00e9 \u00e0 Notre-Dame de Lourdes, et \u00e0 Saint-Pie X.<\/p>\n\n\n\n<h2 class=\"wp-block-heading has-secondary-color has-text-color has-link-color wp-elements-5912d173b54e0b62f39f546d03927d8d\">Contact<\/h2>\n\n\n\n<ul class=\"wp-block-list\">\n<li><strong>Pour <strong>Notre-Dame de Lourdes<\/strong> : Christelle Le Bras <\/strong>&#8211; <a href=\"tel:0643410355\">06 43 41 03 55<\/a><\/li>\n\n\n\n<li><strong><strong>Pour Saint-Pie X<\/strong> : Marie-Olympe Claveau<\/strong>\u00a0&#8211; <a href=\"tel:0615711827\">06 15 71 18 27<\/a><\/li>\n<\/ul>\n\n\n<div class=\"wp-block-image\">\n<figure class=\"aligncenter size-full\"><img loading=\"lazy\" decoding=\"async\" width=\"800\" height=\"610\" src=\"http:\/\/paroisses-ndl-spx.fr\/wp-content\/uploads\/2024\/12\/eglise-saint-pie-x-paroisses-vannes-notre-dame-de-lourdes-ndl-spx-fleurir-1.jpg\" alt=\"fleurir l'\u00e9glise de Vannes Saint Pie X Notre-Dame de Lourdes\" class=\"wp-image-807\" srcset=\"https:\/\/paroisses-ndl-spx.fr\/wp-content\/uploads\/2024\/12\/eglise-saint-pie-x-paroisses-vannes-notre-dame-de-lourdes-ndl-spx-fleurir-1.jpg 800w, https:\/\/paroisses-ndl-spx.fr\/wp-content\/uploads\/2024\/12\/eglise-saint-pie-x-paroisses-vannes-notre-dame-de-lourdes-ndl-spx-fleurir-1-300x229.jpg 300w, https:\/\/paroisses-ndl-spx.fr\/wp-content\/uploads\/2024\/12\/eglise-saint-pie-x-paroisses-vannes-notre-dame-de-lourdes-ndl-spx-fleurir-1-768x586.jpg 768w\" sizes=\"auto, (max-width: 800px) 100vw, 800px\" \/><\/figure>\n<\/div>","protected":false},"excerpt":{"rendered":"<p>\u00ab&nbsp;Les signes, surtout les signes sacramentels, doivent avoir la plus grande expressivit\u00e9. Le pain et le vin, l\u2019eau&nbsp;et l\u2019huile, mais aussi l\u2019encens, les&nbsp;cendres, le&nbsp;feu&nbsp;et les fleurs et presque tous les \u00e9l\u00e9ments de la cr\u00e9ation ont leur place dans la liturgie comme une offrande au Cr\u00e9ateur et contribuent \u00e0 la dignit\u00e9 et \u00e0 la beaut\u00e9 de<a class=\"more-link\" href=\"https:\/\/paroisses-ndl-spx.fr\/?page_id=199\">Lire la suite <span class=\"screen-reader-text\">\u00ab\u00a0Fleurir\u00a0\u00bb<\/span><\/a><\/p>\n","protected":false},"author":1,"featured_media":0,"parent":0,"menu_order":0,"comment_status":"closed","ping_status":"closed","template":"","meta":{"iawp_total_views":83,"footnotes":""},"class_list":["post-199","page","type-page","status-publish","hentry","entry"],"_links":{"self":[{"href":"https:\/\/paroisses-ndl-spx.fr\/index.php?rest_route=\/wp\/v2\/pages\/199","targetHints":{"allow":["GET"]}}],"collection":[{"href":"https:\/\/paroisses-ndl-spx.fr\/index.php?rest_route=\/wp\/v2\/pages"}],"about":[{"href":"https:\/\/paroisses-ndl-spx.fr\/index.php?rest_route=\/wp\/v2\/types\/page"}],"author":[{"embeddable":true,"href":"https:\/\/paroisses-ndl-spx.fr\/index.php?rest_route=\/wp\/v2\/users\/1"}],"replies":[{"embeddable":true,"href":"https:\/\/paroisses-ndl-spx.fr\/index.php?rest_route=%2Fwp%2Fv2%2Fcomments&post=199"}],"version-history":[{"count":9,"href":"https:\/\/paroisses-ndl-spx.fr\/index.php?rest_route=\/wp\/v2\/pages\/199\/revisions"}],"predecessor-version":[{"id":1323,"href":"https:\/\/paroisses-ndl-spx.fr\/index.php?rest_route=\/wp\/v2\/pages\/199\/revisions\/1323"}],"wp:attachment":[{"href":"https:\/\/paroisses-ndl-spx.fr\/index.php?rest_route=%2Fwp%2Fv2%2Fmedia&parent=199"}],"curies":[{"name":"wp","href":"https:\/\/api.w.org\/{rel}","templated":true}]}}