{"id":205,"date":"2024-09-06T15:24:45","date_gmt":"2024-09-06T13:24:45","guid":{"rendered":"http:\/\/paroisses-ndl-spx.fr\/?page_id=205"},"modified":"2025-10-02T15:49:04","modified_gmt":"2025-10-02T13:49:04","slug":"accueil-messe-paroissiale-paroisses-vannes-notre-dame-de-lourdes-saint-pie-x-ndl-spx","status":"publish","type":"page","link":"https:\/\/paroisses-ndl-spx.fr\/?page_id=205","title":{"rendered":"Accueil messe"},"content":{"rendered":"\n<blockquote class=\"wp-block-quote is-layout-flow wp-block-quote-is-layout-flow\">\n<p>\u00ab Accueillez-vous donc les uns les autres, comme Christ vous a accueillis \u00bb <\/p>\n\n\n\n<p>(Rm 15, 7)\u00a0<\/p>\n<\/blockquote>\n\n\n\n<p>Chaque semaine, \u00e0 l\u2019entr\u00e9e de nos \u00e9glises, se relaient des \u00e9quipes pour accueillir chacun : les paroissiens habituels bien s\u00fbr, mais aussi tous ceux qui entrent dans nos \u00e9glises pour la premi\u00e8re fois.<\/p>\n\n\n\n<h2 class=\"wp-block-heading has-secondary-color has-text-color has-link-color wp-elements-2598c4dbf5309d276e92c5d9ca4e6a09\">Vous souhaitez rejoindre nos \u00e9quipes d&rsquo;accueil ?<\/h2>\n\n\n\n<p><strong>Pour Notre-Dame de Lourdes<\/strong>:&nbsp;&nbsp;Philippe Bouch\u00e9 &#8211; <a href=\"tel:0608263305\">06 08 26 33 05<\/a><\/p>\n\n\n\n<p><strong>Pour Saint-Pie X<\/strong> :\u00a0B\u00e9atrice Cazaban &#8211; <a href=\"tel:0619059413\">06 19 05 94 13<\/a><\/p>\n\n\n<div class=\"wp-block-image\">\n<figure class=\"aligncenter size-full is-resized\"><img loading=\"lazy\" decoding=\"async\" width=\"800\" height=\"600\" src=\"http:\/\/paroisses-ndl-spx.fr\/wp-content\/uploads\/2025\/01\/eglise-saint-pie-x-paroisses-vannes-notre-dame-de-lourdes-ndl-spx-accueil-messes.jpg\" alt=\"\" class=\"wp-image-1155\" style=\"width:431px;height:auto\" srcset=\"https:\/\/paroisses-ndl-spx.fr\/wp-content\/uploads\/2025\/01\/eglise-saint-pie-x-paroisses-vannes-notre-dame-de-lourdes-ndl-spx-accueil-messes.jpg 800w, https:\/\/paroisses-ndl-spx.fr\/wp-content\/uploads\/2025\/01\/eglise-saint-pie-x-paroisses-vannes-notre-dame-de-lourdes-ndl-spx-accueil-messes-300x225.jpg 300w, https:\/\/paroisses-ndl-spx.fr\/wp-content\/uploads\/2025\/01\/eglise-saint-pie-x-paroisses-vannes-notre-dame-de-lourdes-ndl-spx-accueil-messes-768x576.jpg 768w\" sizes=\"auto, (max-width: 800px) 100vw, 800px\" \/><\/figure>\n<\/div>","protected":false},"excerpt":{"rendered":"<p>\u00ab Accueillez-vous donc les uns les autres, comme Christ vous a accueillis \u00bb (Rm 15, 7)\u00a0 Chaque semaine, \u00e0 l\u2019entr\u00e9e de nos \u00e9glises, se relaient des \u00e9quipes pour accueillir chacun : les paroissiens habituels bien s\u00fbr, mais aussi tous ceux qui entrent dans nos \u00e9glises pour la premi\u00e8re fois. Vous souhaitez rejoindre nos \u00e9quipes d&rsquo;accueil<a class=\"more-link\" href=\"https:\/\/paroisses-ndl-spx.fr\/?page_id=205\">Lire la suite <span class=\"screen-reader-text\">\u00ab\u00a0Accueil messe\u00a0\u00bb<\/span><\/a><\/p>\n","protected":false},"author":1,"featured_media":0,"parent":0,"menu_order":0,"comment_status":"closed","ping_status":"closed","template":"","meta":{"iawp_total_views":274,"footnotes":""},"class_list":["post-205","page","type-page","status-publish","hentry","entry"],"_links":{"self":[{"href":"https:\/\/paroisses-ndl-spx.fr\/index.php?rest_route=\/wp\/v2\/pages\/205","targetHints":{"allow":["GET"]}}],"collection":[{"href":"https:\/\/paroisses-ndl-spx.fr\/index.php?rest_route=\/wp\/v2\/pages"}],"about":[{"href":"https:\/\/paroisses-ndl-spx.fr\/index.php?rest_route=\/wp\/v2\/types\/page"}],"author":[{"embeddable":true,"href":"https:\/\/paroisses-ndl-spx.fr\/index.php?rest_route=\/wp\/v2\/users\/1"}],"replies":[{"embeddable":true,"href":"https:\/\/paroisses-ndl-spx.fr\/index.php?rest_route=%2Fwp%2Fv2%2Fcomments&post=205"}],"version-history":[{"count":12,"href":"https:\/\/paroisses-ndl-spx.fr\/index.php?rest_route=\/wp\/v2\/pages\/205\/revisions"}],"predecessor-version":[{"id":1522,"href":"https:\/\/paroisses-ndl-spx.fr\/index.php?rest_route=\/wp\/v2\/pages\/205\/revisions\/1522"}],"wp:attachment":[{"href":"https:\/\/paroisses-ndl-spx.fr\/index.php?rest_route=%2Fwp%2Fv2%2Fmedia&parent=205"}],"curies":[{"name":"wp","href":"https:\/\/api.w.org\/{rel}","templated":true}]}}