{"id":207,"date":"2024-09-06T15:25:08","date_gmt":"2024-09-06T13:25:08","guid":{"rendered":"http:\/\/paroisses-ndl-spx.fr\/?page_id=207"},"modified":"2025-03-19T11:42:37","modified_gmt":"2025-03-19T10:42:37","slug":"faire-un-don-paroissiale-paroisses-vannes-notre-dame-de-lourdes-saint-pie-x-ndl-spx","status":"publish","type":"page","link":"https:\/\/paroisses-ndl-spx.fr\/?page_id=207","title":{"rendered":"Faire un don"},"content":{"rendered":"\n<blockquote class=\"wp-block-quote is-layout-flow wp-block-quote-is-layout-flow\">\n<p>\u00ab Donne au Tr\u00e8s Haut selon ses dons, avec\u2002un\u2002\u0153il\u2002g\u00e9n\u00e9reux, selon ce que trouve ta main; car le Seigneur rend en retour, il te le rendra au centuple. \u00bb Ecclesiastique 35, 9-10<\/p>\n<\/blockquote>\n\n\n\n<div class=\"wp-block-buttons is-content-justification-center is-layout-flex wp-container-core-buttons-is-layout-a89b3969 wp-block-buttons-is-layout-flex\">\n<div class=\"wp-block-button\"><a class=\"wp-block-button__link has-text-align-center wp-element-button\" href=\"https:\/\/don.diocese-vannes.fr\/denier\/~mon-don\">Faire un don sur le site du dioc\u00e8se de Vannes<\/a><\/div>\n<\/div>\n\n\n<div class=\"wp-block-image\">\n<figure class=\"aligncenter size-full\"><img loading=\"lazy\" decoding=\"async\" width=\"800\" height=\"401\" src=\"http:\/\/paroisses-ndl-spx.fr\/wp-content\/uploads\/2024\/10\/eglise-saint-pie-x-paroisses-vannes-notre-dame-de-lourdes-ndl-spx-dons.jpg\" alt=\"\" class=\"wp-image-518\" srcset=\"https:\/\/paroisses-ndl-spx.fr\/wp-content\/uploads\/2024\/10\/eglise-saint-pie-x-paroisses-vannes-notre-dame-de-lourdes-ndl-spx-dons.jpg 800w, https:\/\/paroisses-ndl-spx.fr\/wp-content\/uploads\/2024\/10\/eglise-saint-pie-x-paroisses-vannes-notre-dame-de-lourdes-ndl-spx-dons-300x150.jpg 300w, https:\/\/paroisses-ndl-spx.fr\/wp-content\/uploads\/2024\/10\/eglise-saint-pie-x-paroisses-vannes-notre-dame-de-lourdes-ndl-spx-dons-768x385.jpg 768w\" sizes=\"auto, (max-width: 800px) 100vw, 800px\" \/><\/figure>\n<\/div>\n\n\n<div style=\"height:40px\" aria-hidden=\"true\" class=\"wp-block-spacer\"><\/div>\n\n\n\n<h2 class=\"wp-block-heading has-secondary-color has-text-color has-link-color wp-elements-c0505174025490c691da9ba7193fbc4a\">L\u2019\u00c9glise ne vit que de dons !<\/h2>\n\n\n\n<p>Pour que nos paroisses soient toujours accueillantes et puissent continuer d\u2019offrir ses diff\u00e9rents services pour les familles, les jeunes, les personnes seules, etc. Chacun est invit\u00e9, selon ses possibilit\u00e9s, \u00e0 participer concr\u00e8tement \u00e0 la vie mat\u00e9rielle de sa paroisse en apportant sa contribution financi\u00e8re.<\/p>\n\n\n\n<p>Chaque don, m\u00eame modeste, contribue \u00e0 la vitalit\u00e9 des paroisses !<\/p>\n\n\n\n<p>Dans notre ensemble paroissial, tous les b\u00e2timents&nbsp;\u2013 construits apr\u00e8s 1905 \u2013 sont enti\u00e8rement \u00e0 la charge du budget paroissial.<\/p>\n\n\n\n<p>Il n\u2019 y a pas de \u00ab&nbsp;petit don&nbsp;\u00bb. Comme la veuve qui donne ses 2 pi\u00e9cettes, c\u2019est l\u2019acte spirituel qui compte le plus et qui change le monde.<\/p>\n\n\n<div class=\"wp-block-image\">\n<figure class=\"aligncenter size-full\"><img loading=\"lazy\" decoding=\"async\" width=\"800\" height=\"450\" src=\"http:\/\/paroisses-ndl-spx.fr\/wp-content\/uploads\/2024\/10\/eglise-saint-pie-x-paroisses-vannes-notre-dame-de-lourdes-ndl-spx-quete.jpg\" alt=\"\" class=\"wp-image-521\" srcset=\"https:\/\/paroisses-ndl-spx.fr\/wp-content\/uploads\/2024\/10\/eglise-saint-pie-x-paroisses-vannes-notre-dame-de-lourdes-ndl-spx-quete.jpg 800w, https:\/\/paroisses-ndl-spx.fr\/wp-content\/uploads\/2024\/10\/eglise-saint-pie-x-paroisses-vannes-notre-dame-de-lourdes-ndl-spx-quete-300x169.jpg 300w, https:\/\/paroisses-ndl-spx.fr\/wp-content\/uploads\/2024\/10\/eglise-saint-pie-x-paroisses-vannes-notre-dame-de-lourdes-ndl-spx-quete-768x432.jpg 768w\" sizes=\"auto, (max-width: 800px) 100vw, 800px\" \/><\/figure>\n<\/div>\n\n\n<div style=\"height:40px\" aria-hidden=\"true\" class=\"wp-block-spacer\"><\/div>\n\n\n\n<h2 class=\"wp-block-heading has-secondary-color has-text-color has-link-color wp-elements-c26a1b9227622de17be663df83beb07a\">La qu\u00eate<\/h2>\n\n\n\n<h3 class=\"wp-block-heading\">C\u2019est quoi, la qu\u00eate ?<\/h3>\n\n\n\n<p>La qu\u00eate au moment de l\u2019offertoire, pendant la messe, exprime notre attitude spirituelle d\u2019offrande \u00e0 Dieu. A l\u2019origine, les fid\u00e8les fournissaient le pain et le vin de la c\u00e9l\u00e9bration apport\u00e9s en procession \u00e0 l\u2019autel et offerts \u00e0 Dieu. Pour des raisons de commodit\u00e9, la qu\u00eate a remplac\u00e9 les offrandes en nature.<\/p>\n\n\n\n<h3 class=\"wp-block-heading\">A quoi sert la qu\u00eate ?<\/h3>\n\n\n\n<p>Le fruit de la qu\u00eate est n\u00e9cessaire pour la vie de la communaut\u00e9 : entretien des locaux, frais de la mission, etc. La paroisse ne re\u00e7oit aucune subvention publique.&nbsp;Finalement, c\u2019est pour l\u2019Eglise, et donc pour vous, que vous donnez.<\/p>\n\n\n\n<h3 class=\"wp-block-heading\">Que donner lors de la qu\u00eate ?<\/h3>\n\n\n\n<p>Pour estimer votre don, prenez le temps de consid\u00e9rer ce que vous payez pour certaines d\u00e9penses (repas, cin\u00e9ma, sorties, etc.) et donnez librement en conscience.<\/p>\n\n\n\n<div style=\"height:40px\" aria-hidden=\"true\" class=\"wp-block-spacer\"><\/div>\n\n\n\n<h2 class=\"wp-block-heading has-secondary-color has-text-color has-link-color wp-elements-46fedbd33d88f4dd212da25a0280925b\">Le Denier de l\u2019Eglise<\/h2>\n\n\n\n<h3 class=\"wp-block-heading\">C\u2019est quoi, le dernier de l&rsquo;\u00e9glise ?<\/h3>\n\n\n\n<p>L\u2019Eglise de France ne b\u00e9n\u00e9ficie d\u2019aucune subvention publique. La vie du dioc\u00e8se repose sur l\u2019aide financi\u00e8re que vous lui accordez.<\/p>\n\n\n\n<h3 class=\"wp-block-heading\">Qui doit donner ?<\/h3>\n\n\n\n<p>Tout fid\u00e8le qui, en raison de son bapt\u00eame, est responsable de la vie \u00e9conomique de la paroisse. Y compris les \u00e9tudiants !<\/p>\n\n\n\n<h3 class=\"wp-block-heading\">Que donner ?<\/h3>\n\n\n\n<p>Chacun fixe, en conscience, sa contribution et donne ce qu\u2019il peut. Par exemple : l\u2019\u00e9quivalent de trois journ\u00e9es de travail ou de retraite, ou 2 % du revenu annuel, ou pour les \u00e9tudiants l\u2019\u00e9quivalent de 3 soir\u00e9es cin\u00e9ma\u2026<\/p>\n\n\n\n<h3 class=\"wp-block-heading\">Comment donner ?<\/h3>\n\n\n\n<p>\u2013 Par pr\u00e9l\u00e8vement automatique<br>\u2013 En ligne :&nbsp;<a href=\"https:\/\/don.diocese-vannes.fr\/denier\/~mon-don\">https:\/\/don.diocese-vannes.fr\/denier\/~mon-don<\/a><br>\u2013 Par ch\u00e8que \u00e0 l\u2019ordre \u00ab Association Dioc\u00e9saine de Vannes \u00bb<\/p>\n\n\n\n<div class=\"wp-block-buttons is-content-justification-center is-layout-flex wp-container-core-buttons-is-layout-a89b3969 wp-block-buttons-is-layout-flex\">\n<div class=\"wp-block-button\"><a class=\"wp-block-button__link has-text-align-center wp-element-button\" href=\"https:\/\/don.diocese-vannes.fr\/denier\/~mon-don\">Faire un don sur le site du dioc\u00e8se de Vannes<\/a><\/div>\n<\/div>\n\n\n\n<div style=\"height:40px\" aria-hidden=\"true\" class=\"wp-block-spacer\"><\/div>\n\n\n\n<h2 class=\"wp-block-heading has-secondary-color has-text-color has-link-color wp-elements-4cd9579af27ecc48ab5ae920675c18d1\">Les intentions de messe<\/h2>\n\n\n\n<p>La messe est toujours c\u00e9l\u00e9br\u00e9e pour le monde entier mais on peut recommander une intention particuli\u00e8re :<br>\u2013 pour soi-m\u00eame, sa famille, des amis, des vivants,<br>\u2013 pour des d\u00e9funts,<br>\u2013 pour des grandes intentions : la paix, les vocations.<br>L\u2019offrande vers\u00e9e \u00e0 cette occasion est signe de l\u2019offrande de soi-m\u00eame \u00e0 Dieu. Elle constitue une aide mat\u00e9rielle pour la vie des pr\u00eatres.<\/p>\n\n\n\n<h3 class=\"wp-block-heading\">Que donner ?<\/h3>\n\n\n\n<p>L\u2019offrande pour une messe est fix\u00e9e par la conf\u00e9rence des \u00e9v\u00eaques de France \u00e0 18\u00a0\u20ac. Cela ne doit pas \u00eatre un obstacle \u00e0 votre demande. Pour un bapt\u00eame : 70\u00a0\u20ac. Pour un mariage : 250\u00a0\u20ac. Pour des fun\u00e9railles : 200\u00a0\u20ac.<\/p>\n\n\n\n<h3 class=\"wp-block-heading\">Comment donner ?<\/h3>\n\n\n\n<p>En vous adressant \u00e0 l\u2019accueil de la paroisse.<\/p>\n\n\n\n<div style=\"height:40px\" aria-hidden=\"true\" class=\"wp-block-spacer\"><\/div>\n\n\n\n<h2 class=\"wp-block-heading has-secondary-color has-text-color has-link-color wp-elements-c2fa3a8f9b83cd26dcbcd581f8599beb\">O\u00f9 vont mes dons ?<\/h2>\n\n\n\n<p><strong><\/strong><strong><\/strong>Quand je donne, mes dons se r\u00e9partissent entre :<\/p>\n\n\n\n<ul class=\"wp-block-list\">\n<li>le clerg\u00e9 (en rouge),<\/li>\n\n\n\n<li>la paroisse (en bleu)<\/li>\n\n\n\n<li>le dioc\u00e8se (en jaune).<\/li>\n<\/ul>\n\n\n\n<figure class=\"wp-block-image size-full\"><img loading=\"lazy\" decoding=\"async\" width=\"600\" height=\"371\" src=\"http:\/\/paroisses-ndl-spx.fr\/wp-content\/uploads\/2024\/10\/Quand-je-donne-a-la-quete-dominicale-mon-offrande-va.-1.png\" alt=\"\" class=\"wp-image-529\" srcset=\"https:\/\/paroisses-ndl-spx.fr\/wp-content\/uploads\/2024\/10\/Quand-je-donne-a-la-quete-dominicale-mon-offrande-va.-1.png 600w, https:\/\/paroisses-ndl-spx.fr\/wp-content\/uploads\/2024\/10\/Quand-je-donne-a-la-quete-dominicale-mon-offrande-va.-1-300x186.png 300w\" sizes=\"auto, (max-width: 600px) 100vw, 600px\" \/><\/figure>\n\n\n\n<figure class=\"wp-block-image size-full\"><img loading=\"lazy\" decoding=\"async\" width=\"600\" height=\"371\" src=\"http:\/\/paroisses-ndl-spx.fr\/wp-content\/uploads\/2024\/10\/Quand-je-donne-pour-ma-paroisse-mon-don-reste-a-la-paroisse.png\" alt=\"\" class=\"wp-image-528\" srcset=\"https:\/\/paroisses-ndl-spx.fr\/wp-content\/uploads\/2024\/10\/Quand-je-donne-pour-ma-paroisse-mon-don-reste-a-la-paroisse.png 600w, https:\/\/paroisses-ndl-spx.fr\/wp-content\/uploads\/2024\/10\/Quand-je-donne-pour-ma-paroisse-mon-don-reste-a-la-paroisse-300x186.png 300w\" sizes=\"auto, (max-width: 600px) 100vw, 600px\" \/><\/figure>\n\n\n\n<figure class=\"wp-block-image size-full\"><img loading=\"lazy\" decoding=\"async\" width=\"600\" height=\"371\" src=\"http:\/\/paroisses-ndl-spx.fr\/wp-content\/uploads\/2024\/10\/Quand-je-fais-dire-une-messe-mon-don-va-au-pretre-qui-celebre-1.png\" alt=\"\" class=\"wp-image-527\" srcset=\"https:\/\/paroisses-ndl-spx.fr\/wp-content\/uploads\/2024\/10\/Quand-je-fais-dire-une-messe-mon-don-va-au-pretre-qui-celebre-1.png 600w, https:\/\/paroisses-ndl-spx.fr\/wp-content\/uploads\/2024\/10\/Quand-je-fais-dire-une-messe-mon-don-va-au-pretre-qui-celebre-1-300x186.png 300w\" sizes=\"auto, (max-width: 600px) 100vw, 600px\" \/><\/figure>\n\n\n\n<figure class=\"wp-block-image size-full\"><img loading=\"lazy\" decoding=\"async\" width=\"600\" height=\"371\" src=\"http:\/\/paroisses-ndl-spx.fr\/wp-content\/uploads\/2024\/10\/Quand-je-mets-un-cierge-a-leglise-ou-une-piece-dans-le-tronc-mon-offrande-va.png\" alt=\"\" class=\"wp-image-526\" srcset=\"https:\/\/paroisses-ndl-spx.fr\/wp-content\/uploads\/2024\/10\/Quand-je-mets-un-cierge-a-leglise-ou-une-piece-dans-le-tronc-mon-offrande-va.png 600w, https:\/\/paroisses-ndl-spx.fr\/wp-content\/uploads\/2024\/10\/Quand-je-mets-un-cierge-a-leglise-ou-une-piece-dans-le-tronc-mon-offrande-va-300x186.png 300w\" sizes=\"auto, (max-width: 600px) 100vw, 600px\" \/><\/figure>\n\n\n\n<figure class=\"wp-block-image size-full\"><img loading=\"lazy\" decoding=\"async\" width=\"600\" height=\"371\" src=\"http:\/\/paroisses-ndl-spx.fr\/wp-content\/uploads\/2024\/10\/Quand-je-verse-des-honoraires-lors-dun-sacrement-mon-don-va.-1.png\" alt=\"\" class=\"wp-image-524\" srcset=\"https:\/\/paroisses-ndl-spx.fr\/wp-content\/uploads\/2024\/10\/Quand-je-verse-des-honoraires-lors-dun-sacrement-mon-don-va.-1.png 600w, https:\/\/paroisses-ndl-spx.fr\/wp-content\/uploads\/2024\/10\/Quand-je-verse-des-honoraires-lors-dun-sacrement-mon-don-va.-1-300x186.png 300w\" sizes=\"auto, (max-width: 600px) 100vw, 600px\" \/><\/figure>\n\n\n\n<figure class=\"wp-block-image size-full\"><img loading=\"lazy\" decoding=\"async\" width=\"600\" height=\"371\" src=\"http:\/\/paroisses-ndl-spx.fr\/wp-content\/uploads\/2024\/10\/Quand-je-donne-au-denier-du-culte-mon-offrande-va-au-diocese.png\" alt=\"\" class=\"wp-image-525\" srcset=\"https:\/\/paroisses-ndl-spx.fr\/wp-content\/uploads\/2024\/10\/Quand-je-donne-au-denier-du-culte-mon-offrande-va-au-diocese.png 600w, https:\/\/paroisses-ndl-spx.fr\/wp-content\/uploads\/2024\/10\/Quand-je-donne-au-denier-du-culte-mon-offrande-va-au-diocese-300x186.png 300w\" sizes=\"auto, (max-width: 600px) 100vw, 600px\" \/><\/figure>\n","protected":false},"excerpt":{"rendered":"<p>\u00ab Donne au Tr\u00e8s Haut selon ses dons, avec\u2002un\u2002\u0153il\u2002g\u00e9n\u00e9reux, selon ce que trouve ta main; car le Seigneur rend en retour, il te le rendra au centuple. \u00bb Ecclesiastique 35, 9-10 L\u2019\u00c9glise ne vit que de dons ! Pour que nos paroisses soient toujours accueillantes et puissent continuer d\u2019offrir ses diff\u00e9rents services pour les familles,<a class=\"more-link\" href=\"https:\/\/paroisses-ndl-spx.fr\/?page_id=207\">Lire la suite <span class=\"screen-reader-text\">\u00ab\u00a0Faire un don\u00a0\u00bb<\/span><\/a><\/p>\n","protected":false},"author":1,"featured_media":0,"parent":0,"menu_order":0,"comment_status":"closed","ping_status":"closed","template":"","meta":{"iawp_total_views":78,"footnotes":""},"class_list":["post-207","page","type-page","status-publish","hentry","entry"],"_links":{"self":[{"href":"https:\/\/paroisses-ndl-spx.fr\/index.php?rest_route=\/wp\/v2\/pages\/207","targetHints":{"allow":["GET"]}}],"collection":[{"href":"https:\/\/paroisses-ndl-spx.fr\/index.php?rest_route=\/wp\/v2\/pages"}],"about":[{"href":"https:\/\/paroisses-ndl-spx.fr\/index.php?rest_route=\/wp\/v2\/types\/page"}],"author":[{"embeddable":true,"href":"https:\/\/paroisses-ndl-spx.fr\/index.php?rest_route=\/wp\/v2\/users\/1"}],"replies":[{"embeddable":true,"href":"https:\/\/paroisses-ndl-spx.fr\/index.php?rest_route=%2Fwp%2Fv2%2Fcomments&post=207"}],"version-history":[{"count":14,"href":"https:\/\/paroisses-ndl-spx.fr\/index.php?rest_route=\/wp\/v2\/pages\/207\/revisions"}],"predecessor-version":[{"id":1329,"href":"https:\/\/paroisses-ndl-spx.fr\/index.php?rest_route=\/wp\/v2\/pages\/207\/revisions\/1329"}],"wp:attachment":[{"href":"https:\/\/paroisses-ndl-spx.fr\/index.php?rest_route=%2Fwp%2Fv2%2Fmedia&parent=207"}],"curies":[{"name":"wp","href":"https:\/\/api.w.org\/{rel}","templated":true}]}}