{"id":216,"date":"2024-09-06T15:28:57","date_gmt":"2024-09-06T13:28:57","guid":{"rendered":"http:\/\/paroisses-ndl-spx.fr\/?page_id=216"},"modified":"2025-08-16T16:19:05","modified_gmt":"2025-08-16T14:19:05","slug":"parcours-alpha-paroissiale-paroisses-vannes-notre-dame-de-lourdes-saint-pie-x-ndl-spx","status":"publish","type":"page","link":"https:\/\/paroisses-ndl-spx.fr\/?page_id=216","title":{"rendered":"Parcours Alpha"},"content":{"rendered":"\n<p>Alpha est une v\u00e9ritable opportunit\u00e9 ouverte \u00e0 tous : \u00e0 ceux qui souhaitent \u00ab&nbsp;d\u00e9poussi\u00e9rer&nbsp;\u00bb leur foi ; \u00e0 ceux, plus \u00e9loign\u00e9s de l\u2019Eglise, qui souhaitent cheminer ; \u00e0 ceux qui ne connaissent pas le Christ et qui souhaitent le rencontrer.<\/p>\n\n\n\n<p>Vous vous sentez concern\u00e9s, alors ces soir\u00e9es sont s\u00fbrement pour vous&nbsp;! Au cours d\u2019un repas fraternel, vous aurez un enseignement suivi d\u2019un temps d\u2019\u00e9change et de partage.<\/p>\n\n\n\n<figure class=\"wp-block-embed is-type-video is-provider-youtube wp-block-embed-youtube wp-embed-aspect-16-9 wp-has-aspect-ratio\"><div class=\"wp-block-embed__wrapper\">\n<iframe loading=\"lazy\" title=\"Le Parcours Alpha - Clip - 3 minutes\" width=\"750\" height=\"422\" src=\"https:\/\/www.youtube.com\/embed\/fWVqIRl9UYo?feature=oembed\" frameborder=\"0\" allow=\"accelerometer; autoplay; clipboard-write; encrypted-media; gyroscope; picture-in-picture; web-share\" referrerpolicy=\"strict-origin-when-cross-origin\" allowfullscreen><\/iframe>\n<\/div><\/figure>\n\n\n\n<div style=\"height:40px\" aria-hidden=\"true\" class=\"wp-block-spacer\"><\/div>\n\n\n\n<h2 class=\"wp-block-heading has-secondary-color has-text-color has-link-color wp-elements-dbc330a90c8c68f687ebabd23fdf7244\">Vous \u00eates int\u00e9ress\u00e9s ?<\/h2>\n\n\n\n<p>Les soir\u00e9es se d\u00e9roulent <strong>de 20 h 00 \u00e0 21 h 30<\/strong>, dans les salles paroissiales de Notre-Dame de Lourdes, parking rue Lingbergh \u00e0 Vannes.<\/p>\n\n\n\n<p>Le prochain parcours d\u00e9butera le jeudi 18 septembre 2025<\/p>\n\n\n\n<p>Pour recevoir les informations pour la premi\u00e8re soir\u00e9e les personnes int\u00e9ress\u00e9es sont invit\u00e9es \u00e0 laisser leurs coordonn\u00e9es au&nbsp;<a href=\"tel:0686821620\">06 86 82 16 20<\/a>&nbsp;ou \u00e0 l\u2019adresse :&nbsp;<a href=\"mailto:alphavannes56@gmail.com\">alphavannes56@gmail.com<\/a><\/p>\n\n\n\n<div style=\"height:40px\" aria-hidden=\"true\" class=\"wp-block-spacer\"><\/div>\n\n\n\n<h2 class=\"wp-block-heading has-secondary-color has-text-color has-link-color wp-elements-7c7257dbf911b4e6d01d56792b2f3179\">Contactez l\u2019\u00e9quipe d\u00e8s maintenant <\/h2>\n\n\n\n<p>Si vous-m\u00eames, ou si vous connaissez des personnes autour de vous qui pourraient profiter de ce parcours\u2026 prenez note, parlez-en&nbsp;et invitez&nbsp;!<\/p>\n\n\n\n<p>Pour recevoir les informations pour la premi\u00e8re soir\u00e9e les personnes int\u00e9ress\u00e9es sont invit\u00e9es \u00e0 laisser leurs coordonn\u00e9es au&nbsp;<a href=\"tel:0686821620\">06 86 82 16 20<\/a>&nbsp;ou \u00e0 l\u2019adresse :&nbsp;<a href=\"mailto:alphavannes56@gmail.com\">alphavannes56@gmail.com<\/a><\/p>\n\n\n\n<div style=\"height:40px\" aria-hidden=\"true\" class=\"wp-block-spacer\"><\/div>\n\n\n\n<h2 class=\"wp-block-heading has-secondary-color has-text-color has-link-color wp-elements-0a7ddf5ce9adc0357b4f912608ba63f7\">Quelques t\u00e9moignages de participants<\/h2>\n\n\n\n<p>\u00ab Alpha a boulevers\u00e9 la vie de mon couple car cela a permis \u00e0 mon mari de d\u00e9couvrir sa foi et de renforcer la mienne \u00bb<br>\u00ab Le parcours Alpha m\u2019a beaucoup apport\u00e9 dans la vie de tous les jours \u00bb<br>\u00ab J\u2019ai compris que d\u00e9sormais le Christ est au centre de ma vie, \u00e0 chaque instant de ma vie \u00bb.<\/p>\n\n\n\n<p>Le t\u00e9moignage de Marie C. :<\/p>\n\n\n\n<figure class=\"wp-block-image size-large\"><img loading=\"lazy\" decoding=\"async\" width=\"724\" height=\"1024\" src=\"http:\/\/paroisses-ndl-spx.fr\/wp-content\/uploads\/2024\/10\/eglise-saint-pie-x-paroisses-vannes-notre-dame-de-lourdes-ndl-spx-parcours-alpha-temoignage2-724x1024.jpg\" alt=\"\" class=\"wp-image-533\" srcset=\"https:\/\/paroisses-ndl-spx.fr\/wp-content\/uploads\/2024\/10\/eglise-saint-pie-x-paroisses-vannes-notre-dame-de-lourdes-ndl-spx-parcours-alpha-temoignage2-724x1024.jpg 724w, https:\/\/paroisses-ndl-spx.fr\/wp-content\/uploads\/2024\/10\/eglise-saint-pie-x-paroisses-vannes-notre-dame-de-lourdes-ndl-spx-parcours-alpha-temoignage2-212x300.jpg 212w, https:\/\/paroisses-ndl-spx.fr\/wp-content\/uploads\/2024\/10\/eglise-saint-pie-x-paroisses-vannes-notre-dame-de-lourdes-ndl-spx-parcours-alpha-temoignage2-768x1086.jpg 768w, https:\/\/paroisses-ndl-spx.fr\/wp-content\/uploads\/2024\/10\/eglise-saint-pie-x-paroisses-vannes-notre-dame-de-lourdes-ndl-spx-parcours-alpha-temoignage2.jpg 800w\" sizes=\"auto, (max-width: 724px) 100vw, 724px\" \/><\/figure>\n\n\n\n<figure class=\"wp-block-image size-large\"><img loading=\"lazy\" decoding=\"async\" width=\"724\" height=\"1024\" src=\"http:\/\/paroisses-ndl-spx.fr\/wp-content\/uploads\/2024\/10\/eglise-saint-pie-x-paroisses-vannes-notre-dame-de-lourdes-ndl-spx-parcours-alpha-temoignage2-2-724x1024.jpg\" alt=\"\" class=\"wp-image-536\" srcset=\"https:\/\/paroisses-ndl-spx.fr\/wp-content\/uploads\/2024\/10\/eglise-saint-pie-x-paroisses-vannes-notre-dame-de-lourdes-ndl-spx-parcours-alpha-temoignage2-2-724x1024.jpg 724w, https:\/\/paroisses-ndl-spx.fr\/wp-content\/uploads\/2024\/10\/eglise-saint-pie-x-paroisses-vannes-notre-dame-de-lourdes-ndl-spx-parcours-alpha-temoignage2-2-212x300.jpg 212w, https:\/\/paroisses-ndl-spx.fr\/wp-content\/uploads\/2024\/10\/eglise-saint-pie-x-paroisses-vannes-notre-dame-de-lourdes-ndl-spx-parcours-alpha-temoignage2-2-768x1086.jpg 768w, https:\/\/paroisses-ndl-spx.fr\/wp-content\/uploads\/2024\/10\/eglise-saint-pie-x-paroisses-vannes-notre-dame-de-lourdes-ndl-spx-parcours-alpha-temoignage2-2.jpg 800w\" sizes=\"auto, (max-width: 724px) 100vw, 724px\" \/><\/figure>\n\n\n\n<figure class=\"wp-block-embed is-type-video is-provider-youtube wp-block-embed-youtube wp-embed-aspect-16-9 wp-has-aspect-ratio\"><div class=\"wp-block-embed__wrapper\">\n<iframe loading=\"lazy\" title=\"L&#039;histoire de Val\u00e9rie \/\/ Vannes, France\" width=\"750\" height=\"422\" src=\"https:\/\/www.youtube.com\/embed\/i1mvYbwZ7Qc?feature=oembed\" frameborder=\"0\" allow=\"accelerometer; autoplay; clipboard-write; encrypted-media; gyroscope; picture-in-picture; web-share\" referrerpolicy=\"strict-origin-when-cross-origin\" allowfullscreen><\/iframe>\n<\/div><\/figure>\n","protected":false},"excerpt":{"rendered":"<p>Alpha est une v\u00e9ritable opportunit\u00e9 ouverte \u00e0 tous : \u00e0 ceux qui souhaitent \u00ab&nbsp;d\u00e9poussi\u00e9rer&nbsp;\u00bb leur foi ; \u00e0 ceux, plus \u00e9loign\u00e9s de l\u2019Eglise, qui souhaitent cheminer ; \u00e0 ceux qui ne connaissent pas le Christ et qui souhaitent le rencontrer. Vous vous sentez concern\u00e9s, alors ces soir\u00e9es sont s\u00fbrement pour vous&nbsp;! Au cours d\u2019un repas<a class=\"more-link\" href=\"https:\/\/paroisses-ndl-spx.fr\/?page_id=216\">Lire la suite <span class=\"screen-reader-text\">\u00ab\u00a0Parcours Alpha\u00a0\u00bb<\/span><\/a><\/p>\n","protected":false},"author":1,"featured_media":0,"parent":0,"menu_order":0,"comment_status":"closed","ping_status":"closed","template":"","meta":{"iawp_total_views":363,"footnotes":""},"class_list":["post-216","page","type-page","status-publish","hentry","entry"],"_links":{"self":[{"href":"https:\/\/paroisses-ndl-spx.fr\/index.php?rest_route=\/wp\/v2\/pages\/216","targetHints":{"allow":["GET"]}}],"collection":[{"href":"https:\/\/paroisses-ndl-spx.fr\/index.php?rest_route=\/wp\/v2\/pages"}],"about":[{"href":"https:\/\/paroisses-ndl-spx.fr\/index.php?rest_route=\/wp\/v2\/types\/page"}],"author":[{"embeddable":true,"href":"https:\/\/paroisses-ndl-spx.fr\/index.php?rest_route=\/wp\/v2\/users\/1"}],"replies":[{"embeddable":true,"href":"https:\/\/paroisses-ndl-spx.fr\/index.php?rest_route=%2Fwp%2Fv2%2Fcomments&post=216"}],"version-history":[{"count":13,"href":"https:\/\/paroisses-ndl-spx.fr\/index.php?rest_route=\/wp\/v2\/pages\/216\/revisions"}],"predecessor-version":[{"id":1447,"href":"https:\/\/paroisses-ndl-spx.fr\/index.php?rest_route=\/wp\/v2\/pages\/216\/revisions\/1447"}],"wp:attachment":[{"href":"https:\/\/paroisses-ndl-spx.fr\/index.php?rest_route=%2Fwp%2Fv2%2Fmedia&parent=216"}],"curies":[{"name":"wp","href":"https:\/\/api.w.org\/{rel}","templated":true}]}}