{"id":222,"date":"2024-09-06T15:29:49","date_gmt":"2024-09-06T13:29:49","guid":{"rendered":"http:\/\/paroisses-ndl-spx.fr\/?page_id=222"},"modified":"2025-10-02T16:58:29","modified_gmt":"2025-10-02T14:58:29","slug":"parcours-omega-paroissiale-paroisses-vannes-notre-dame-de-lourdes-saint-pie-x-ndl-spx","status":"publish","type":"page","link":"https:\/\/paroisses-ndl-spx.fr\/?page_id=222","title":{"rendered":"Parcours Om\u00e9ga"},"content":{"rendered":"\n<blockquote class=\"wp-block-quote is-layout-flow wp-block-quote-is-layout-flow\">\n<p>\u00ab&nbsp;Je suis l\u2019Alpha et l\u2019Om\u00e9ga. Le premier et le dernier, le commencement et la fin \u00bb Ap 22, 13<\/p>\n<\/blockquote>\n\n\n\n<div style=\"height:40px\" aria-hidden=\"true\" class=\"wp-block-spacer\"><\/div>\n\n\n\n<h2 class=\"wp-block-heading has-secondary-color has-text-color has-link-color wp-elements-b7e96f1165cf40407087c6d2caefaa2b\">Le parcours Omega, chemin vers le P\u00e8re<\/h2>\n\n\n\n<p>Pour vivre de l\u2019Esp\u00e9rance chr\u00e9tienne, contempler l\u2019au-del\u00e0 pour mieux vivre l\u2019ici-bas, faire grandir en nous le d\u00e9sir du ciel.<\/p>\n\n\n<div class=\"wp-block-image\">\n<figure class=\"aligncenter size-large is-resized\"><img loading=\"lazy\" decoding=\"async\" width=\"717\" height=\"1024\" src=\"http:\/\/paroisses-ndl-spx.fr\/wp-content\/uploads\/2024\/12\/eglise-saint-pie-x-paroisses-vannes-notre-dame-de-lourdes-ndl-spx-omega-717x1024.jpg\" alt=\"parcours omega \u00e0 l'\u00e9glise de Vannes Saint Pie X Notre-Dame de Lourdes\" class=\"wp-image-796\" style=\"width:375px;height:auto\" srcset=\"https:\/\/paroisses-ndl-spx.fr\/wp-content\/uploads\/2024\/12\/eglise-saint-pie-x-paroisses-vannes-notre-dame-de-lourdes-ndl-spx-omega-717x1024.jpg 717w, https:\/\/paroisses-ndl-spx.fr\/wp-content\/uploads\/2024\/12\/eglise-saint-pie-x-paroisses-vannes-notre-dame-de-lourdes-ndl-spx-omega-210x300.jpg 210w, https:\/\/paroisses-ndl-spx.fr\/wp-content\/uploads\/2024\/12\/eglise-saint-pie-x-paroisses-vannes-notre-dame-de-lourdes-ndl-spx-omega-768x1096.jpg 768w, https:\/\/paroisses-ndl-spx.fr\/wp-content\/uploads\/2024\/12\/eglise-saint-pie-x-paroisses-vannes-notre-dame-de-lourdes-ndl-spx-omega.jpg 800w\" sizes=\"auto, (max-width: 717px) 100vw, 717px\" \/><\/figure>\n<\/div>\n\n\n<p><\/p>\n\n\n\n<h2 class=\"wp-block-heading has-secondary-color has-text-color has-link-color wp-elements-1c91c15246e436abf7f81bb061d17ed9\">Un \u00ab&nbsp;chemin de Mis\u00e9ricorde&nbsp;\u00bb<\/h2>\n\n\n\n<p>Pour relire ma vie, pour regarder la mort autrement, pour contempler la joie du ciel\u2026 <strong>Afin de vivre pleinement ma vie pr\u00e9sente.<\/strong><\/p>\n\n\n\n<p>Quels sont les moments heureux de ma vie&nbsp;? Quelles souffrances ais-je v\u00e9cues&nbsp;? Puis-je encore esp\u00e9rer&nbsp;? Quelle id\u00e9e me fais-je de la mort&nbsp;? Y a-t-il une vie apr\u00e8s la mort&nbsp;? Enfer, Purgatoire,  Ciel&nbsp;? Et comment se pr\u00e9parer \u00e0 aller au Ciel&nbsp;?<\/p>\n\n\n\n<blockquote class=\"wp-block-quote is-layout-flow wp-block-quote-is-layout-flow\">\n<p>\u00ab&nbsp;Moi, je suis la r\u00e9surrection et la vie. Celui qui croit en moi, m\u00eame s\u2019il meurt, vivra&nbsp;\u00bb Jn 11, 25<\/p>\n<\/blockquote>\n\n\n\n<h2 class=\"wp-block-heading has-secondary-color has-text-color has-link-color wp-elements-cd539ad224ced8bd36b9a6ea20c8bc5f\">Venez nous rejoindre, on en parle&nbsp;?<\/h2>\n\n\n\n<p><strong>\u00c0 qui s&rsquo;adresse ce parcours&nbsp;?<\/strong> \u00c0 toute personne, quel que soit son \u00e2ge&nbsp;:<\/p>\n\n\n\n<ul class=\"wp-block-list\">\n<li style=\"padding-top:0px;padding-bottom:0px\">qui souhaite mettre sa vie pr\u00e9sente en coh\u00e9rence avec sa vocation \u00e0 la Vie Eternelle.<\/li>\n\n\n\n<li style=\"padding-top:0px;padding-bottom:0px\">qui se pose des questions sur la fin de vie et la mort, pour soi-m\u00eame ou ses proches<\/li>\n\n\n\n<li style=\"padding-top:0px;padding-bottom:0px\">qui est int\u00e9ress\u00e9e par l\u2019accompagnement chr\u00e9tien de la fin de vie&nbsp;<\/li>\n<\/ul>\n\n\n\n<div style=\"height:10px\" aria-hidden=\"true\" class=\"wp-block-spacer\"><\/div>\n\n\n\n<p><strong>Comment se d\u00e9roule une rencontre ?<\/strong> Chaque rencontre comprend&nbsp;:<\/p>\n\n\n\n<ul class=\"wp-block-list\">\n<li>un enseignement fond\u00e9 sur la Parole de Dieu, le Magist\u00e8re et la vie des Saints<\/li>\n\n\n\n<li>un temps personnel<\/li>\n\n\n\n<li>une d\u00e9marche spirituelle (adoration, pri\u00e8re, temps de partage\u2026)<\/li>\n<\/ul>\n\n\n\n<h2 class=\"wp-block-heading has-secondary-color has-text-color has-link-color wp-elements-bda0293b57a513ff644cd7f20a2dca8c\">O\u00f9 et quand&nbsp;?<\/h2>\n\n\n\n<p>\u00c0 l\u2019espace Montcalm, maison du Dioc\u00e8se, parking rue des Ursulines, Vannes<\/p>\n\n\n\n<p>Les mercredis en soir\u00e9e du 24 septembre au 10 d\u00e9cembre 2025 et le week-end du 15 et 16 novembre 2025.<\/p>\n\n\n\n<h2 class=\"wp-block-heading has-secondary-color has-text-color has-link-color wp-elements-5912d173b54e0b62f39f546d03927d8d\">Contact<\/h2>\n\n\n\n<p><strong>Georges et Marie-Annick de Kerangat<\/strong> : <a href=\"tel:0614726570\">06 14 72 65 70<\/a> &#8211; <a href=\"mailto:madekerangat@yahoo.fr\">madekerangat@yahoo.fr<\/a><\/p>\n\n\n\n<p><\/p>\n","protected":false},"excerpt":{"rendered":"<p>\u00ab&nbsp;Je suis l\u2019Alpha et l\u2019Om\u00e9ga. Le premier et le dernier, le commencement et la fin \u00bb Ap 22, 13 Le parcours Omega, chemin vers le P\u00e8re Pour vivre de l\u2019Esp\u00e9rance chr\u00e9tienne, contempler l\u2019au-del\u00e0 pour mieux vivre l\u2019ici-bas, faire grandir en nous le d\u00e9sir du ciel. Un \u00ab&nbsp;chemin de Mis\u00e9ricorde&nbsp;\u00bb Pour relire ma vie, pour regarder<a class=\"more-link\" href=\"https:\/\/paroisses-ndl-spx.fr\/?page_id=222\">Lire la suite <span class=\"screen-reader-text\">\u00ab\u00a0Parcours Om\u00e9ga\u00a0\u00bb<\/span><\/a><\/p>\n","protected":false},"author":1,"featured_media":0,"parent":0,"menu_order":0,"comment_status":"closed","ping_status":"closed","template":"","meta":{"iawp_total_views":199,"footnotes":""},"class_list":["post-222","page","type-page","status-publish","hentry","entry"],"_links":{"self":[{"href":"https:\/\/paroisses-ndl-spx.fr\/index.php?rest_route=\/wp\/v2\/pages\/222","targetHints":{"allow":["GET"]}}],"collection":[{"href":"https:\/\/paroisses-ndl-spx.fr\/index.php?rest_route=\/wp\/v2\/pages"}],"about":[{"href":"https:\/\/paroisses-ndl-spx.fr\/index.php?rest_route=\/wp\/v2\/types\/page"}],"author":[{"embeddable":true,"href":"https:\/\/paroisses-ndl-spx.fr\/index.php?rest_route=\/wp\/v2\/users\/1"}],"replies":[{"embeddable":true,"href":"https:\/\/paroisses-ndl-spx.fr\/index.php?rest_route=%2Fwp%2Fv2%2Fcomments&post=222"}],"version-history":[{"count":20,"href":"https:\/\/paroisses-ndl-spx.fr\/index.php?rest_route=\/wp\/v2\/pages\/222\/revisions"}],"predecessor-version":[{"id":1528,"href":"https:\/\/paroisses-ndl-spx.fr\/index.php?rest_route=\/wp\/v2\/pages\/222\/revisions\/1528"}],"wp:attachment":[{"href":"https:\/\/paroisses-ndl-spx.fr\/index.php?rest_route=%2Fwp%2Fv2%2Fmedia&parent=222"}],"curies":[{"name":"wp","href":"https:\/\/api.w.org\/{rel}","templated":true}]}}