{"id":241,"date":"2024-09-06T15:36:27","date_gmt":"2024-09-06T13:36:27","guid":{"rendered":"http:\/\/paroisses-ndl-spx.fr\/?page_id=241"},"modified":"2025-10-02T17:23:58","modified_gmt":"2025-10-02T15:23:58","slug":"premiere-communion-paroissiale-paroisses-vannes-notre-dame-de-lourdes-saint-pie-x-ndl-spx","status":"publish","type":"page","link":"https:\/\/paroisses-ndl-spx.fr\/?page_id=241","title":{"rendered":"Premi\u00e8re Communion"},"content":{"rendered":"\n<blockquote class=\"wp-block-quote is-layout-flow wp-block-quote-is-layout-flow\">\n<p>\u00ab Qui vient \u00e0 moi n&rsquo;aura jamais faim ; qui croit en moi n&rsquo;aura jamais soif.&nbsp;\u00bb<br>Jn 6, 35<\/p>\n<\/blockquote>\n\n\n\n<p>L\u2019Eucharistie, le Corps du Christ pr\u00e9sent \u00e0 l\u2019hostie consacr\u00e9e pendant la messe, est la nourriture du chr\u00e9tien.<\/p>\n\n\n<div class=\"wp-block-image\">\n<figure class=\"aligncenter size-full is-resized\"><img loading=\"lazy\" decoding=\"async\" width=\"640\" height=\"569\" src=\"http:\/\/paroisses-ndl-spx.fr\/wp-content\/uploads\/2024\/12\/eglise-saint-pie-x-paroisses-vannes-notre-dame-de-lourdes-ndl-spx-premiere-communion-1.jpg\" alt=\"premiere communion \u00e0 l'\u00e9glise de Vannes Saint Pie X Notre-Dame de Lourdes\" class=\"wp-image-790\" style=\"width:428px;height:auto\" srcset=\"https:\/\/paroisses-ndl-spx.fr\/wp-content\/uploads\/2024\/12\/eglise-saint-pie-x-paroisses-vannes-notre-dame-de-lourdes-ndl-spx-premiere-communion-1.jpg 640w, https:\/\/paroisses-ndl-spx.fr\/wp-content\/uploads\/2024\/12\/eglise-saint-pie-x-paroisses-vannes-notre-dame-de-lourdes-ndl-spx-premiere-communion-1-300x267.jpg 300w\" sizes=\"auto, (max-width: 640px) 100vw, 640px\" \/><\/figure>\n<\/div>\n\n\n<div style=\"height:40px\" aria-hidden=\"true\" class=\"wp-block-spacer\"><\/div>\n\n\n\n<h2 class=\"wp-block-heading has-secondary-color has-text-color has-link-color wp-elements-1093583601444c38095257e9d2e65f25\">Pour les enfants<\/h2>\n\n\n\n<p>Les enfants baptis\u00e9s qui ont d\u00e9j\u00e0 suivi une ann\u00e9e de cat\u00e9chisme \u00e0 la paroisse peuvent se pr\u00e9parer \u00e0 recevoir la premi\u00e8re communion. Pr\u00e9paration dans le cadre du cat\u00e9chisme CE1-CE2.<\/p>\n\n\n\n<h3 class=\"wp-block-heading\">Contact <\/h3>\n\n\n\n<p><strong>Jany Le Mouel&nbsp;<\/strong>&#8211;&nbsp;<a href=\"tel:0782437367\">07 82 43 73 67<\/a><\/p>\n\n\n<div class=\"wp-block-image\">\n<figure class=\"aligncenter size-full is-resized\"><img loading=\"lazy\" decoding=\"async\" width=\"668\" height=\"828\" src=\"http:\/\/paroisses-ndl-spx.fr\/wp-content\/uploads\/2024\/12\/eglise-saint-pie-x-paroisses-vannes-notre-dame-de-lourdes-ndl-spx-premiere-communion-2.jpg\" alt=\"premiere communion \u00e0 l'\u00e9glise de Vannes Saint Pie X Notre-Dame de Lourdes\" class=\"wp-image-789\" style=\"width:424px;height:auto\" srcset=\"https:\/\/paroisses-ndl-spx.fr\/wp-content\/uploads\/2024\/12\/eglise-saint-pie-x-paroisses-vannes-notre-dame-de-lourdes-ndl-spx-premiere-communion-2.jpg 668w, https:\/\/paroisses-ndl-spx.fr\/wp-content\/uploads\/2024\/12\/eglise-saint-pie-x-paroisses-vannes-notre-dame-de-lourdes-ndl-spx-premiere-communion-2-242x300.jpg 242w\" sizes=\"auto, (max-width: 668px) 100vw, 668px\" \/><\/figure>\n<\/div>\n\n\n<div style=\"height:40px\" aria-hidden=\"true\" class=\"wp-block-spacer\"><\/div>\n\n\n\n<h2 class=\"wp-block-heading has-secondary-color has-text-color has-link-color wp-elements-495e8fa548ab962c1a88e3dddb5328e3\">Pour les adultes<\/h2>\n\n\n\n<p>Vous \u00eates \u00e9tudiant, adulte et vous \u00eates baptis\u00e9 mais vous n\u2019avez pas fait votre premi\u00e8re communion. Bonne nouvelle, il n\u2019est pas trop tard&nbsp;! Vous pouvez vous y pr\u00e9parer en contactant un pr\u00eatre.<\/p>\n\n\n\n<h3 class=\"wp-block-heading\">Contact <\/h3>\n\n\n\n<p><strong>P\u00e8re\u00a0Philippe Marot\u00a0<\/strong>: <a href=\"mailto:philmarot@hotmail.com\">philmarot@hotmail.com<\/a><\/p>\n","protected":false},"excerpt":{"rendered":"<p>\u00ab Qui vient \u00e0 moi n&rsquo;aura jamais faim ; qui croit en moi n&rsquo;aura jamais soif.&nbsp;\u00bbJn 6, 35 L\u2019Eucharistie, le Corps du Christ pr\u00e9sent \u00e0 l\u2019hostie consacr\u00e9e pendant la messe, est la nourriture du chr\u00e9tien. Pour les enfants Les enfants baptis\u00e9s qui ont d\u00e9j\u00e0 suivi une ann\u00e9e de cat\u00e9chisme \u00e0 la paroisse peuvent se pr\u00e9parer<a class=\"more-link\" href=\"https:\/\/paroisses-ndl-spx.fr\/?page_id=241\">Lire la suite <span class=\"screen-reader-text\">\u00ab\u00a0Premi\u00e8re Communion\u00a0\u00bb<\/span><\/a><\/p>\n","protected":false},"author":1,"featured_media":0,"parent":0,"menu_order":0,"comment_status":"closed","ping_status":"closed","template":"","meta":{"iawp_total_views":174,"footnotes":""},"class_list":["post-241","page","type-page","status-publish","hentry","entry"],"_links":{"self":[{"href":"https:\/\/paroisses-ndl-spx.fr\/index.php?rest_route=\/wp\/v2\/pages\/241","targetHints":{"allow":["GET"]}}],"collection":[{"href":"https:\/\/paroisses-ndl-spx.fr\/index.php?rest_route=\/wp\/v2\/pages"}],"about":[{"href":"https:\/\/paroisses-ndl-spx.fr\/index.php?rest_route=\/wp\/v2\/types\/page"}],"author":[{"embeddable":true,"href":"https:\/\/paroisses-ndl-spx.fr\/index.php?rest_route=\/wp\/v2\/users\/1"}],"replies":[{"embeddable":true,"href":"https:\/\/paroisses-ndl-spx.fr\/index.php?rest_route=%2Fwp%2Fv2%2Fcomments&post=241"}],"version-history":[{"count":13,"href":"https:\/\/paroisses-ndl-spx.fr\/index.php?rest_route=\/wp\/v2\/pages\/241\/revisions"}],"predecessor-version":[{"id":1536,"href":"https:\/\/paroisses-ndl-spx.fr\/index.php?rest_route=\/wp\/v2\/pages\/241\/revisions\/1536"}],"wp:attachment":[{"href":"https:\/\/paroisses-ndl-spx.fr\/index.php?rest_route=%2Fwp%2Fv2%2Fmedia&parent=241"}],"curies":[{"name":"wp","href":"https:\/\/api.w.org\/{rel}","templated":true}]}}