{"id":247,"date":"2024-09-06T15:37:35","date_gmt":"2024-09-06T13:37:35","guid":{"rendered":"http:\/\/paroisses-ndl-spx.fr\/?page_id=247"},"modified":"2025-10-02T17:56:11","modified_gmt":"2025-10-02T15:56:11","slug":"mariage-paroissiale-paroisses-vannes-notre-dame-de-lourdes-saint-pie-x-ndl-spx","status":"publish","type":"page","link":"https:\/\/paroisses-ndl-spx.fr\/?page_id=247","title":{"rendered":"Mariage"},"content":{"rendered":"\n<blockquote class=\"wp-block-quote is-layout-flow wp-block-quote-is-layout-flow\">\n<p>\u00ab\u00a0Je te re\u00e7ois comme \u00e9poux et je me donne \u00e0 toi pour&nbsp;t&rsquo;aimer fid\u00e8lement,&nbsp;dans le bonheur et dans les \u00e9preuves, tout&nbsp;au long de&nbsp;notre vie.\u00a0\u00bb<\/p>\n<\/blockquote>\n\n\n\n<p>Le sacrement de mariage est une alliance pour la vie devant et avec Dieu. Il donne aux \u00e9poux la gr\u00e2ce de s&rsquo; aimer comme le Christ aime l\u2019Eglise.<\/p>\n\n\n<div class=\"wp-block-image\">\n<figure class=\"aligncenter size-full is-resized\"><img loading=\"lazy\" decoding=\"async\" width=\"800\" height=\"533\" src=\"http:\/\/paroisses-ndl-spx.fr\/wp-content\/uploads\/2024\/12\/eglise-saint-pie-x-paroisses-vannes-notre-dame-de-lourdes-ndl-spx-mariage-1.jpg\" alt=\"mariage \u00e0 l'\u00e9glise de Vannes Saint Pie X Notre-Dame de Lourdes\" class=\"wp-image-803\" style=\"width:426px;height:auto\" srcset=\"https:\/\/paroisses-ndl-spx.fr\/wp-content\/uploads\/2024\/12\/eglise-saint-pie-x-paroisses-vannes-notre-dame-de-lourdes-ndl-spx-mariage-1.jpg 800w, https:\/\/paroisses-ndl-spx.fr\/wp-content\/uploads\/2024\/12\/eglise-saint-pie-x-paroisses-vannes-notre-dame-de-lourdes-ndl-spx-mariage-1-300x200.jpg 300w, https:\/\/paroisses-ndl-spx.fr\/wp-content\/uploads\/2024\/12\/eglise-saint-pie-x-paroisses-vannes-notre-dame-de-lourdes-ndl-spx-mariage-1-768x512.jpg 768w\" sizes=\"auto, (max-width: 800px) 100vw, 800px\" \/><\/figure>\n<\/div>\n\n\n<h2 class=\"wp-block-heading has-secondary-color has-text-color has-link-color wp-elements-9887b1f773157e0995843cadc9058bc3\">Comment ?<\/h2>\n\n\n\n<p>La pr\u00e9paration comporte plusieurs rencontres avec un pr\u00eatre et un cycle du centre de pr\u00e9paration au mariage (dioc\u00e8se de Vannes).<br>Prendre contact au moins 1 an avant la date souhait\u00e9e pour le mariage.<\/p>\n\n\n\n<p>S&rsquo;agissant du cycle propos\u00e9 par le dioc\u00e8se de Vannes, <a href=\"https:\/\/www.vannes.catholique.fr\/category\/espace-mariage\/\">rendez-vous sur le site du dioc\u00e8se de Vannes<\/a>.<\/p>\n\n\n\n<h2 class=\"wp-block-heading has-secondary-color has-text-color has-link-color wp-elements-5912d173b54e0b62f39f546d03927d8d\">Contact<\/h2>\n\n\n\n<p><strong>P\u00e8re Philippe Marot :<\/strong>\u00a0 <a href=\"mailto:philmarot@hotmail.com\">philmarot@hotmail.com<\/a><\/p>\n\n\n\n<p><\/p>\n","protected":false},"excerpt":{"rendered":"<p>\u00ab\u00a0Je te re\u00e7ois comme \u00e9poux et je me donne \u00e0 toi pour&nbsp;t&rsquo;aimer fid\u00e8lement,&nbsp;dans le bonheur et dans les \u00e9preuves, tout&nbsp;au long de&nbsp;notre vie.\u00a0\u00bb Le sacrement de mariage est une alliance pour la vie devant et avec Dieu. Il donne aux \u00e9poux la gr\u00e2ce de s&rsquo; aimer comme le Christ aime l\u2019Eglise. Comment ? La pr\u00e9paration<a class=\"more-link\" href=\"https:\/\/paroisses-ndl-spx.fr\/?page_id=247\">Lire la suite <span class=\"screen-reader-text\">\u00ab\u00a0Mariage\u00a0\u00bb<\/span><\/a><\/p>\n","protected":false},"author":1,"featured_media":0,"parent":0,"menu_order":0,"comment_status":"closed","ping_status":"closed","template":"","meta":{"iawp_total_views":197,"footnotes":""},"class_list":["post-247","page","type-page","status-publish","hentry","entry"],"_links":{"self":[{"href":"https:\/\/paroisses-ndl-spx.fr\/index.php?rest_route=\/wp\/v2\/pages\/247","targetHints":{"allow":["GET"]}}],"collection":[{"href":"https:\/\/paroisses-ndl-spx.fr\/index.php?rest_route=\/wp\/v2\/pages"}],"about":[{"href":"https:\/\/paroisses-ndl-spx.fr\/index.php?rest_route=\/wp\/v2\/types\/page"}],"author":[{"embeddable":true,"href":"https:\/\/paroisses-ndl-spx.fr\/index.php?rest_route=\/wp\/v2\/users\/1"}],"replies":[{"embeddable":true,"href":"https:\/\/paroisses-ndl-spx.fr\/index.php?rest_route=%2Fwp%2Fv2%2Fcomments&post=247"}],"version-history":[{"count":12,"href":"https:\/\/paroisses-ndl-spx.fr\/index.php?rest_route=\/wp\/v2\/pages\/247\/revisions"}],"predecessor-version":[{"id":1540,"href":"https:\/\/paroisses-ndl-spx.fr\/index.php?rest_route=\/wp\/v2\/pages\/247\/revisions\/1540"}],"wp:attachment":[{"href":"https:\/\/paroisses-ndl-spx.fr\/index.php?rest_route=%2Fwp%2Fv2%2Fmedia&parent=247"}],"curies":[{"name":"wp","href":"https:\/\/api.w.org\/{rel}","templated":true}]}}