{"id":249,"date":"2024-09-06T15:38:00","date_gmt":"2024-09-06T13:38:00","guid":{"rendered":"http:\/\/paroisses-ndl-spx.fr\/?page_id=249"},"modified":"2025-10-02T17:57:57","modified_gmt":"2025-10-02T15:57:57","slug":"vocation-religieuse-paroissiale-paroisses-vannes-notre-dame-de-lourdes-saint-pie-x-ndl-spx","status":"publish","type":"page","link":"https:\/\/paroisses-ndl-spx.fr\/?page_id=249","title":{"rendered":"Vocation religieuse"},"content":{"rendered":"\n<blockquote class=\"wp-block-quote is-layout-flow wp-block-quote-is-layout-flow\">\n<p>Et si Dieu m&rsquo;appelle ?<\/p>\n<\/blockquote>\n\n\n\n<p>Par le sacrement de l\u2019ordre, Dieu consacre des hommes au service de son Eglise. Dieu appelle aujourd\u2019hui. L\u2019Eglise aide \u00e0 discerner cet appel.<\/p>\n\n\n\n<p class=\"has-text-align-center\"><em>Qu\u2019est-ce que Dieu attend de moi ?<br>Suis-je s\u00fbr de ce que je d\u00e9sire&nbsp;est bien la volont\u00e9 de Dieu ?<br>Comment y voir clair ?<\/em><\/p>\n\n\n\n<figure class=\"wp-block-image size-full\"><img loading=\"lazy\" decoding=\"async\" width=\"800\" height=\"520\" src=\"http:\/\/paroisses-ndl-spx.fr\/wp-content\/uploads\/2024\/10\/eglise-saint-pie-x-paroisses-vannes-notre-dame-de-lourdes-ndl-spx-vocation.jpg\" alt=\"\" class=\"wp-image-579\" srcset=\"https:\/\/paroisses-ndl-spx.fr\/wp-content\/uploads\/2024\/10\/eglise-saint-pie-x-paroisses-vannes-notre-dame-de-lourdes-ndl-spx-vocation.jpg 800w, https:\/\/paroisses-ndl-spx.fr\/wp-content\/uploads\/2024\/10\/eglise-saint-pie-x-paroisses-vannes-notre-dame-de-lourdes-ndl-spx-vocation-300x195.jpg 300w, https:\/\/paroisses-ndl-spx.fr\/wp-content\/uploads\/2024\/10\/eglise-saint-pie-x-paroisses-vannes-notre-dame-de-lourdes-ndl-spx-vocation-768x499.jpg 768w\" sizes=\"auto, (max-width: 800px) 100vw, 800px\" \/><\/figure>\n\n\n\n<div style=\"height:39px\" aria-hidden=\"true\" class=\"wp-block-spacer\"><\/div>\n\n\n\n<p>Homme ou femme, les pr\u00eatres de la paroisse sont heureux de vous accueillir pour en parler et avancer sur cette question.<\/p>\n\n\n\n<p class=\"has-foreground-color has-text-color has-link-color wp-elements-e9eb2a99ee62fb1e6c020f7f87295b8b\"><strong>Contacts<\/strong><br><strong>P\u00e8re\u00a0Philippe Marot\u00a0<\/strong>: <a href=\"mailto:philmarot@hotmail.com\">philmarot@hotmail.com<\/a><br><strong>P\u00e8re Paul Martiu <\/strong>: <a href=\"mailto:pmartiu2@gmail.com\" data-type=\"mailto\" data-id=\"mailto:pmartiu2@jean-baptiste-nadler\">pmartiu2@gmail.com<\/a><br><\/p>\n\n\n\n<div class=\"wp-block-buttons is-content-justification-center is-layout-flex wp-container-core-buttons-is-layout-a89b3969 wp-block-buttons-is-layout-flex\">\n<div class=\"wp-block-button\"><a class=\"wp-block-button__link has-secondary-background-color has-background wp-element-button\" href=\"https:\/\/www.vannes.catholique.fr\/parcours-vocationnel-garcons\/\">Consulter le \u00ab\u00a0parcours vocationnel Gar\u00e7on\u00a0\u00bb sur le site du dioc\u00e8se de Vannes<\/a><\/div>\n\n\n\n<div class=\"wp-block-button\"><a class=\"wp-block-button__link has-secondary-background-color has-background wp-element-button\" href=\"https:\/\/www.vannes.catholique.fr\/parcours-vocationnel-filles\/\" target=\"_blank\" rel=\"noreferrer noopener\">Consulter le \u00ab\u00a0parcours vocationnel Fille\u00a0\u00bb sur le site du dioc\u00e8se de Vannes<\/a><\/div>\n<\/div>\n\n\n\n<div style=\"height:39px\" aria-hidden=\"true\" class=\"wp-block-spacer\"><\/div>\n\n\n\n<h2 class=\"wp-block-heading has-secondary-color has-text-color has-link-color wp-elements-5a5f5fb14f2959da30e12bad9976a22a\">Qu&rsquo;est-ce qu&rsquo;un pr\u00eatre de la Communaut\u00e9 de l&rsquo;Emmanuel ?<\/h2>\n\n\n\n<p>Vous pouvez vous rendre sur le site de la Communaut\u00e9 de l&rsquo;Emmanuel pour en savoir plus sur le discernement, les parcours de formation, etc.<\/p>\n\n\n\n<div class=\"wp-block-buttons is-content-justification-center is-layout-flex wp-container-core-buttons-is-layout-a89b3969 wp-block-buttons-is-layout-flex\">\n<div class=\"wp-block-button\"><a class=\"wp-block-button__link has-secondary-background-color has-background wp-element-button\" href=\"https:\/\/emmanuel.info\/pretres\/\" target=\"_blank\" rel=\"noreferrer noopener\">Consulter le site de la Communaut\u00e9 de l&rsquo;Emmanuel<\/a><\/div>\n<\/div>\n\n\n\n<p><\/p>\n","protected":false},"excerpt":{"rendered":"<p>Et si Dieu m&rsquo;appelle ? Par le sacrement de l\u2019ordre, Dieu consacre des hommes au service de son Eglise. Dieu appelle aujourd\u2019hui. L\u2019Eglise aide \u00e0 discerner cet appel. Qu\u2019est-ce que Dieu attend de moi ?Suis-je s\u00fbr de ce que je d\u00e9sire&nbsp;est bien la volont\u00e9 de Dieu ?Comment y voir clair ? Homme ou femme, les<a class=\"more-link\" href=\"https:\/\/paroisses-ndl-spx.fr\/?page_id=249\">Lire la suite <span class=\"screen-reader-text\">\u00ab\u00a0Vocation religieuse\u00a0\u00bb<\/span><\/a><\/p>\n","protected":false},"author":1,"featured_media":0,"parent":0,"menu_order":0,"comment_status":"closed","ping_status":"closed","template":"","meta":{"iawp_total_views":74,"footnotes":""},"class_list":["post-249","page","type-page","status-publish","hentry","entry"],"_links":{"self":[{"href":"https:\/\/paroisses-ndl-spx.fr\/index.php?rest_route=\/wp\/v2\/pages\/249","targetHints":{"allow":["GET"]}}],"collection":[{"href":"https:\/\/paroisses-ndl-spx.fr\/index.php?rest_route=\/wp\/v2\/pages"}],"about":[{"href":"https:\/\/paroisses-ndl-spx.fr\/index.php?rest_route=\/wp\/v2\/types\/page"}],"author":[{"embeddable":true,"href":"https:\/\/paroisses-ndl-spx.fr\/index.php?rest_route=\/wp\/v2\/users\/1"}],"replies":[{"embeddable":true,"href":"https:\/\/paroisses-ndl-spx.fr\/index.php?rest_route=%2Fwp%2Fv2%2Fcomments&post=249"}],"version-history":[{"count":9,"href":"https:\/\/paroisses-ndl-spx.fr\/index.php?rest_route=\/wp\/v2\/pages\/249\/revisions"}],"predecessor-version":[{"id":1541,"href":"https:\/\/paroisses-ndl-spx.fr\/index.php?rest_route=\/wp\/v2\/pages\/249\/revisions\/1541"}],"wp:attachment":[{"href":"https:\/\/paroisses-ndl-spx.fr\/index.php?rest_route=%2Fwp%2Fv2%2Fmedia&parent=249"}],"curies":[{"name":"wp","href":"https:\/\/api.w.org\/{rel}","templated":true}]}}