{"id":253,"date":"2024-09-06T15:39:04","date_gmt":"2024-09-06T13:39:04","guid":{"rendered":"http:\/\/paroisses-ndl-spx.fr\/?page_id=253"},"modified":"2025-03-19T12:04:09","modified_gmt":"2025-03-19T11:04:09","slug":"obseques-paroissiale-paroisses-vannes-notre-dame-de-lourdes-saint-pie-x-ndl-spx","status":"publish","type":"page","link":"https:\/\/paroisses-ndl-spx.fr\/?page_id=253","title":{"rendered":"Obs\u00e8ques"},"content":{"rendered":"\n<blockquote class=\"wp-block-quote is-layout-flow wp-block-quote-is-layout-flow\">\n<p>\u00ab&nbsp;Maintenant, Seigneur, tu peux laisser ton serviteur s&rsquo;en aller dans la paix&nbsp;\u00bb Cantique de Sym\u00e9on<\/p>\n<\/blockquote>\n\n\n\n<p>Au d\u00e9c\u00e8s d\u2019un proche, la communaut\u00e9 chr\u00e9tienne accompagne la famille dans son \u00e9preuve \u00e0 travers la c\u00e9r\u00e9monie des obs\u00e8ques (qui ne sont pas un sacrement). Elle l\u2019aide \u00e0 se tourner vers Dieu en pr\u00e9parant ensemble les fun\u00e9railles. Vivre ce moment sous le regard du Christ permet de se remettre, dans l\u2019Esp\u00e9rance, \u00e0 la mis\u00e9ricorde de Dieu. La r\u00e9surrection du Christ nous assure que la mort est le passage vers notre Vie \u00e9ternelle.<\/p>\n\n\n<div class=\"wp-block-image\">\n<figure class=\"aligncenter size-full\"><img loading=\"lazy\" decoding=\"async\" width=\"800\" height=\"448\" src=\"http:\/\/paroisses-ndl-spx.fr\/wp-content\/uploads\/2024\/10\/eglise-saint-pie-x-paroisses-vannes-notre-dame-de-lourdes-ndl-spx-obseques.jpg\" alt=\"\" class=\"wp-image-585\" srcset=\"https:\/\/paroisses-ndl-spx.fr\/wp-content\/uploads\/2024\/10\/eglise-saint-pie-x-paroisses-vannes-notre-dame-de-lourdes-ndl-spx-obseques.jpg 800w, https:\/\/paroisses-ndl-spx.fr\/wp-content\/uploads\/2024\/10\/eglise-saint-pie-x-paroisses-vannes-notre-dame-de-lourdes-ndl-spx-obseques-300x168.jpg 300w, https:\/\/paroisses-ndl-spx.fr\/wp-content\/uploads\/2024\/10\/eglise-saint-pie-x-paroisses-vannes-notre-dame-de-lourdes-ndl-spx-obseques-768x430.jpg 768w\" sizes=\"auto, (max-width: 800px) 100vw, 800px\" \/><\/figure>\n<\/div>\n\n\n<div style=\"height:40px\" aria-hidden=\"true\" class=\"wp-block-spacer\"><\/div>\n\n\n\n<h2 class=\"wp-block-heading has-secondary-color has-text-color has-link-color wp-elements-9887b1f773157e0995843cadc9058bc3\">Comment ?<\/h2>\n\n\n\n<p>Dans chacune de nos paroisses des personnes sont \u00e0 votre disposition pour vous accompagner et vous aider \u00e0 pr\u00e9parer la c\u00e9l\u00e9bration d\u2019obs\u00e8ques. <\/p>\n\n\n\n<h3 class=\"wp-block-heading\">Contacts<\/h3>\n\n\n\n<ul class=\"wp-block-list\">\n<li><strong>Pour Notre-Dame de Lourdes&nbsp;: Ghislaine Gilbert<\/strong> &#8211; <a href=\"tel:0620436965\">06 20 43 69 65<\/a><\/li>\n\n\n\n<li><strong>Pour Saint-Pie X\u00a0: Chantal Le Fournier <\/strong>&#8211; <a href=\"tel:0684112850\">06 84 11 28 50<\/a><\/li>\n<\/ul>\n","protected":false},"excerpt":{"rendered":"<p>\u00ab&nbsp;Maintenant, Seigneur, tu peux laisser ton serviteur s&rsquo;en aller dans la paix&nbsp;\u00bb Cantique de Sym\u00e9on Au d\u00e9c\u00e8s d\u2019un proche, la communaut\u00e9 chr\u00e9tienne accompagne la famille dans son \u00e9preuve \u00e0 travers la c\u00e9r\u00e9monie des obs\u00e8ques (qui ne sont pas un sacrement). Elle l\u2019aide \u00e0 se tourner vers Dieu en pr\u00e9parant ensemble les fun\u00e9railles. Vivre ce moment<a class=\"more-link\" href=\"https:\/\/paroisses-ndl-spx.fr\/?page_id=253\">Lire la suite <span class=\"screen-reader-text\">\u00ab\u00a0Obs\u00e8ques\u00a0\u00bb<\/span><\/a><\/p>\n","protected":false},"author":1,"featured_media":0,"parent":0,"menu_order":0,"comment_status":"closed","ping_status":"closed","template":"","meta":{"iawp_total_views":264,"footnotes":""},"class_list":["post-253","page","type-page","status-publish","hentry","entry"],"_links":{"self":[{"href":"https:\/\/paroisses-ndl-spx.fr\/index.php?rest_route=\/wp\/v2\/pages\/253","targetHints":{"allow":["GET"]}}],"collection":[{"href":"https:\/\/paroisses-ndl-spx.fr\/index.php?rest_route=\/wp\/v2\/pages"}],"about":[{"href":"https:\/\/paroisses-ndl-spx.fr\/index.php?rest_route=\/wp\/v2\/types\/page"}],"author":[{"embeddable":true,"href":"https:\/\/paroisses-ndl-spx.fr\/index.php?rest_route=\/wp\/v2\/users\/1"}],"replies":[{"embeddable":true,"href":"https:\/\/paroisses-ndl-spx.fr\/index.php?rest_route=%2Fwp%2Fv2%2Fcomments&post=253"}],"version-history":[{"count":6,"href":"https:\/\/paroisses-ndl-spx.fr\/index.php?rest_route=\/wp\/v2\/pages\/253\/revisions"}],"predecessor-version":[{"id":1349,"href":"https:\/\/paroisses-ndl-spx.fr\/index.php?rest_route=\/wp\/v2\/pages\/253\/revisions\/1349"}],"wp:attachment":[{"href":"https:\/\/paroisses-ndl-spx.fr\/index.php?rest_route=%2Fwp%2Fv2%2Fmedia&parent=253"}],"curies":[{"name":"wp","href":"https:\/\/api.w.org\/{rel}","templated":true}]}}