{"id":271,"date":"2024-09-06T16:08:29","date_gmt":"2024-09-06T14:08:29","guid":{"rendered":"http:\/\/paroisses-ndl-spx.fr\/?page_id=271"},"modified":"2025-10-06T10:04:28","modified_gmt":"2025-10-06T08:04:28","slug":"servants-autels-paroissiale-paroisses-vannes-notre-dame-de-lourdes-saint-pie-x-ndl-spx","status":"publish","type":"page","link":"https:\/\/paroisses-ndl-spx.fr\/?page_id=271","title":{"rendered":"Servants d\u2019autels"},"content":{"rendered":"\n<div style=\"height:20px\" aria-hidden=\"true\" class=\"wp-block-spacer\"><\/div>\n\n\n\n<blockquote class=\"wp-block-quote is-layout-flow wp-block-quote-is-layout-flow\">\n<p>\u00ab&nbsp;Il est tout \u00e0 fait louable que se maintienne la coutume insigne que soient pr\u00e9sents dans la c\u00e9l\u00e9bration de la sainte&nbsp;<a href=\"https:\/\/liturgie.catholique.fr\/lexique\/messe\/\">messe<\/a>&nbsp;des enfants ou des jeunes \u2013 d\u00e9nomm\u00e9s habituellement \u00ab servants d\u2019autel \u00bb ou \u00ab enfants de choeur \u00bb \u2013 qui servent \u00e0 l\u2019autel comme acolytes, et re\u00e7oivent, selon leurs capacit\u00e9s, une cat\u00e9ch\u00e8se utile, adapt\u00e9e \u00e0 leur service.&nbsp;\u00bb (Redemptionis Sacramentum 49)<\/p>\n<\/blockquote>\n\n\n\n<p>Pour servir la messe&nbsp;\u00e0 l&rsquo;autel,&nbsp;et avancer dans la foi. Pour les gar\u00e7ons \u00e0 partir de 7 ans.<\/p>\n\n\n<div class=\"wp-block-image\">\n<figure class=\"aligncenter size-large\"><img loading=\"lazy\" decoding=\"async\" width=\"683\" height=\"1024\" src=\"http:\/\/paroisses-ndl-spx.fr\/wp-content\/uploads\/2024\/12\/eglise-saint-pie-x-paroisses-vannes-notre-dame-de-lourdes-ndl-spx-enfants-de-choeur-683x1024.jpg\" alt=\"Enfants de ch\u0153ur \u00e0 l'\u00e9glise de Vannes Saint Pie X Notre-Dame de Lourdes\" class=\"wp-image-777\" srcset=\"https:\/\/paroisses-ndl-spx.fr\/wp-content\/uploads\/2024\/12\/eglise-saint-pie-x-paroisses-vannes-notre-dame-de-lourdes-ndl-spx-enfants-de-choeur-683x1024.jpg 683w, https:\/\/paroisses-ndl-spx.fr\/wp-content\/uploads\/2024\/12\/eglise-saint-pie-x-paroisses-vannes-notre-dame-de-lourdes-ndl-spx-enfants-de-choeur-200x300.jpg 200w, https:\/\/paroisses-ndl-spx.fr\/wp-content\/uploads\/2024\/12\/eglise-saint-pie-x-paroisses-vannes-notre-dame-de-lourdes-ndl-spx-enfants-de-choeur-768x1152.jpg 768w, https:\/\/paroisses-ndl-spx.fr\/wp-content\/uploads\/2024\/12\/eglise-saint-pie-x-paroisses-vannes-notre-dame-de-lourdes-ndl-spx-enfants-de-choeur.jpg 800w\" sizes=\"auto, (max-width: 683px) 100vw, 683px\" \/><figcaption class=\"wp-element-caption\">Servants d&rsquo;autel \u00e0 l&rsquo;\u00e9glise Notre-Dame de Lourdes \u00e0 Vannes<\/figcaption><\/figure>\n<\/div>\n\n\n<div style=\"height:20px\" aria-hidden=\"true\" class=\"wp-block-spacer\"><\/div>\n\n\n\n<div style=\"height:39px\" aria-hidden=\"true\" class=\"wp-block-spacer\"><\/div>\n\n\n\n<h2 class=\"wp-block-heading has-secondary-color has-text-color has-link-color wp-elements-a86bf1419658409feeb71f631bbbc4b7\">Responsables<\/h2>\n\n\n\n<p><strong>Pour Notre-Dame de Lourdes<\/strong>, Tugdual Tertrais<br><strong>Pour Saint-Pie X<\/strong>, Gonzague de Larminat<\/p>\n\n\n\n<div style=\"height:39px\" aria-hidden=\"true\" class=\"wp-block-spacer\"><\/div>\n\n\n\n<h2 class=\"wp-block-heading has-secondary-color has-text-color has-link-color wp-elements-df8dc11bee6ec7cb0dbb516da332adc7\">Contact <\/h2>\n\n\n\n<p>Courriel : <a href=\"mailto:servants.stpiex.ndl@gmail.com\">servants.stpiex.ndl@gmail.com&nbsp;<\/a><\/p>\n","protected":false},"excerpt":{"rendered":"<p>\u00ab&nbsp;Il est tout \u00e0 fait louable que se maintienne la coutume insigne que soient pr\u00e9sents dans la c\u00e9l\u00e9bration de la sainte&nbsp;messe&nbsp;des enfants ou des jeunes \u2013 d\u00e9nomm\u00e9s habituellement \u00ab servants d\u2019autel \u00bb ou \u00ab enfants de choeur \u00bb \u2013 qui servent \u00e0 l\u2019autel comme acolytes, et re\u00e7oivent, selon leurs capacit\u00e9s, une cat\u00e9ch\u00e8se utile, adapt\u00e9e \u00e0<a class=\"more-link\" href=\"https:\/\/paroisses-ndl-spx.fr\/?page_id=271\">Lire la suite <span class=\"screen-reader-text\">\u00ab\u00a0Servants d\u2019autels\u00a0\u00bb<\/span><\/a><\/p>\n","protected":false},"author":1,"featured_media":0,"parent":0,"menu_order":0,"comment_status":"closed","ping_status":"closed","template":"","meta":{"iawp_total_views":76,"footnotes":""},"class_list":["post-271","page","type-page","status-publish","hentry","entry"],"_links":{"self":[{"href":"https:\/\/paroisses-ndl-spx.fr\/index.php?rest_route=\/wp\/v2\/pages\/271","targetHints":{"allow":["GET"]}}],"collection":[{"href":"https:\/\/paroisses-ndl-spx.fr\/index.php?rest_route=\/wp\/v2\/pages"}],"about":[{"href":"https:\/\/paroisses-ndl-spx.fr\/index.php?rest_route=\/wp\/v2\/types\/page"}],"author":[{"embeddable":true,"href":"https:\/\/paroisses-ndl-spx.fr\/index.php?rest_route=\/wp\/v2\/users\/1"}],"replies":[{"embeddable":true,"href":"https:\/\/paroisses-ndl-spx.fr\/index.php?rest_route=%2Fwp%2Fv2%2Fcomments&post=271"}],"version-history":[{"count":11,"href":"https:\/\/paroisses-ndl-spx.fr\/index.php?rest_route=\/wp\/v2\/pages\/271\/revisions"}],"predecessor-version":[{"id":1557,"href":"https:\/\/paroisses-ndl-spx.fr\/index.php?rest_route=\/wp\/v2\/pages\/271\/revisions\/1557"}],"wp:attachment":[{"href":"https:\/\/paroisses-ndl-spx.fr\/index.php?rest_route=%2Fwp%2Fv2%2Fmedia&parent=271"}],"curies":[{"name":"wp","href":"https:\/\/api.w.org\/{rel}","templated":true}]}}