{"id":283,"date":"2024-09-06T16:10:05","date_gmt":"2024-09-06T14:10:05","guid":{"rendered":"http:\/\/paroisses-ndl-spx.fr\/?page_id=283"},"modified":"2025-10-06T10:07:52","modified_gmt":"2025-10-06T08:07:52","slug":"scoutisme-paroissiale-paroisses-vannes-notre-dame-de-lourdes-saint-pie-x-ndl-spx","status":"publish","type":"page","link":"https:\/\/paroisses-ndl-spx.fr\/?page_id=283","title":{"rendered":"Scoutisme"},"content":{"rendered":"\n<p>Plusieurs mouvements scouts sont pr\u00e9sents sur la paroisse : l&rsquo;un d&rsquo;eux est rattach\u00e9 officiellement \u00e0 notre paroisse (Scouts Unitaires de France) et participe \u00e0 la Mission avec les paroissiens. D&rsquo;autres mouvements scouts sont \u00e9galement pr\u00e9sents.<\/p>\n\n\n\n<figure class=\"wp-block-image size-full\"><img loading=\"lazy\" decoding=\"async\" width=\"800\" height=\"533\" src=\"http:\/\/paroisses-ndl-spx.fr\/wp-content\/uploads\/2024\/12\/eglise-saint-pie-x-paroisses-vannes-notre-dame-de-lourdes-ndl-spx-scouts.jpg\" alt=\"\" class=\"wp-image-774\" srcset=\"https:\/\/paroisses-ndl-spx.fr\/wp-content\/uploads\/2024\/12\/eglise-saint-pie-x-paroisses-vannes-notre-dame-de-lourdes-ndl-spx-scouts.jpg 800w, https:\/\/paroisses-ndl-spx.fr\/wp-content\/uploads\/2024\/12\/eglise-saint-pie-x-paroisses-vannes-notre-dame-de-lourdes-ndl-spx-scouts-300x200.jpg 300w, https:\/\/paroisses-ndl-spx.fr\/wp-content\/uploads\/2024\/12\/eglise-saint-pie-x-paroisses-vannes-notre-dame-de-lourdes-ndl-spx-scouts-768x512.jpg 768w\" sizes=\"auto, (max-width: 800px) 100vw, 800px\" \/><figcaption class=\"wp-element-caption\">Les Scouts Unitaires de Vannes en avril 2024<\/figcaption><\/figure>\n\n\n\n<div style=\"height:40px\" aria-hidden=\"true\" class=\"wp-block-spacer\"><\/div>\n\n\n\n<h2 class=\"wp-block-heading has-secondary-color has-text-color has-link-color wp-elements-826c329a070966800c4c3b15f248a914\">Le groupe Saint Gildas (Scouts Unitaires de France)<\/h2>\n\n\n<div class=\"wp-block-image\">\n<figure class=\"aligncenter size-full\"><img loading=\"lazy\" decoding=\"async\" width=\"135\" height=\"135\" src=\"http:\/\/paroisses-ndl-spx.fr\/wp-content\/uploads\/2024\/10\/eglise-saint-pie-x-paroisses-vannes-notre-dame-de-lourdes-ndl-spx-groupe-scout-saint-gildas.jpg\" alt=\"\" class=\"wp-image-618\"\/><\/figure>\n<\/div>\n\n\n<div style=\"height:20px\" aria-hidden=\"true\" class=\"wp-block-spacer\"><\/div>\n\n\n\n<p>Le groupe Saint Gildas est le groupe scout rattach\u00e9 \u00e0 notre paroisse. D\u00e9couvrez <a href=\"https:\/\/www.vannes.catholique.fr\/scouts-unitaires-de-france\/\" target=\"_blank\" rel=\"noreferrer noopener\">leur page sur le site du Dioc\u00e8se de Vannes.<\/a><\/p>\n\n\n\n<p>Chef scout, pourquoi pas toi ? Tu veux donner de ton temps pour les enfants, voir leurs regards \u00e9merveill\u00e9s apr\u00e8s un super grand jeu que vous avez pr\u00e9par\u00e9, apprendre \u00e0 animer et g\u00e9rer un groupe, faire des rencontres inoubliables, prendre des responsabilit\u00e9s ? Contacte-nous : nous cherchons encore quelques chefs !&nbsp;<\/p>\n\n\n\n<h3 class=\"wp-block-heading\">Contacts<\/h3>\n\n\n\n<p><strong>Julien et Marie GALLET<\/strong> (chefs de groupe) : <a href=\"mailto:contactSUFVANNES@gmail.com\">contactSUFVANNES@gmail.com<\/a><\/p>\n\n\n\n<div class=\"wp-block-buttons is-content-justification-center is-layout-flex wp-container-core-buttons-is-layout-a89b3969 wp-block-buttons-is-layout-flex\">\n<div class=\"wp-block-button is-style-fill\"><a class=\"wp-block-button__link has-background-color has-secondary-background-color has-text-color has-background has-link-color wp-element-button\" href=\"https:\/\/www.scouts-unitaires.org\/accueil\/nous-rejoindre\/au-bonheur-detre-chef\/\" target=\"_blank\" rel=\"noreferrer noopener\">Consulter le site des scouts unitaires de France<\/a><\/div>\n<\/div>\n\n\n\n<div style=\"height:40px\" aria-hidden=\"true\" class=\"wp-block-spacer\"><\/div>\n\n\n\n<hr class=\"wp-block-separator has-text-color has-secondary-color has-alpha-channel-opacity has-secondary-background-color has-background is-style-wide\"\/>\n\n\n\n<h2 class=\"wp-block-heading has-secondary-color has-text-color has-link-color wp-elements-861ef25fd79b26e774f7286afbbf4264\">Les autres mouvements scouts pr\u00e9sents sur notre paroisse<\/h2>\n\n\n\n<h3 class=\"wp-block-heading\">Les Scouts d&rsquo;Europe<\/h3>\n\n\n<div class=\"wp-block-image\">\n<figure class=\"aligncenter size-full\"><img loading=\"lazy\" decoding=\"async\" width=\"135\" height=\"135\" src=\"http:\/\/paroisses-ndl-spx.fr\/wp-content\/uploads\/2024\/10\/eglise-saint-pie-x-paroisses-vannes-notre-dame-de-lourdes-ndl-spx-groupe-scout-europe.jpg\" alt=\"\" class=\"wp-image-620\"\/><\/figure>\n<\/div>\n\n\n<div style=\"height:20px\" aria-hidden=\"true\" class=\"wp-block-spacer\"><\/div>\n\n\n\n<p>D\u00e9couvrez <a href=\"https:\/\/www.vannes.catholique.fr\/scouts-et-guides-deurope\/\" target=\"_blank\" rel=\"noreferrer noopener\">leur page sur le site du Dioc\u00e8se de Vannes.<\/a><\/p>\n\n\n\n<div style=\"height:40px\" aria-hidden=\"true\" class=\"wp-block-spacer\"><\/div>\n\n\n\n<hr class=\"wp-block-separator has-text-color has-secondary-color has-alpha-channel-opacity has-secondary-background-color has-background is-style-wide\"\/>\n\n\n\n<h2 class=\"wp-block-heading has-secondary-color has-text-color has-link-color wp-elements-02033903edec2b2b5a097d63abb79f82\">Les Scouts et Guides de France<\/h2>\n\n\n<div class=\"wp-block-image\">\n<figure class=\"aligncenter size-full\"><img loading=\"lazy\" decoding=\"async\" width=\"300\" height=\"139\" src=\"http:\/\/paroisses-ndl-spx.fr\/wp-content\/uploads\/2024\/10\/eglise-saint-pie-x-paroisses-vannes-notre-dame-de-lourdes-ndl-spx-groupe-scout-guides-de-france.jpg\" alt=\"\" class=\"wp-image-622\"\/><\/figure>\n<\/div>\n\n\n<div style=\"height:20px\" aria-hidden=\"true\" class=\"wp-block-spacer\"><\/div>\n\n\n\n<p>D\u00e9couvrez <a href=\"https:\/\/www.vannes.catholique.fr\/scouts-et-guides-de-france\/\" target=\"_blank\" rel=\"noreferrer noopener\">leur page sur le site du Dioc\u00e8se de Vannes<\/a><a href=\"https:\/\/www.vannes.catholique.fr\/scouts-unitaires-de-france\/\">.<\/a><\/p>\n\n\n\n<p><\/p>\n","protected":false},"excerpt":{"rendered":"<p>Plusieurs mouvements scouts sont pr\u00e9sents sur la paroisse : l&rsquo;un d&rsquo;eux est rattach\u00e9 officiellement \u00e0 notre paroisse (Scouts Unitaires de France) et participe \u00e0 la Mission avec les paroissiens. D&rsquo;autres mouvements scouts sont \u00e9galement pr\u00e9sents. Le groupe Saint Gildas (Scouts Unitaires de France) Le groupe Saint Gildas est le groupe scout rattach\u00e9 \u00e0 notre paroisse.<a class=\"more-link\" href=\"https:\/\/paroisses-ndl-spx.fr\/?page_id=283\">Lire la suite <span class=\"screen-reader-text\">\u00ab\u00a0Scoutisme\u00a0\u00bb<\/span><\/a><\/p>\n","protected":false},"author":1,"featured_media":0,"parent":0,"menu_order":0,"comment_status":"closed","ping_status":"closed","template":"","meta":{"iawp_total_views":171,"footnotes":""},"class_list":["post-283","page","type-page","status-publish","hentry","entry"],"_links":{"self":[{"href":"https:\/\/paroisses-ndl-spx.fr\/index.php?rest_route=\/wp\/v2\/pages\/283","targetHints":{"allow":["GET"]}}],"collection":[{"href":"https:\/\/paroisses-ndl-spx.fr\/index.php?rest_route=\/wp\/v2\/pages"}],"about":[{"href":"https:\/\/paroisses-ndl-spx.fr\/index.php?rest_route=\/wp\/v2\/types\/page"}],"author":[{"embeddable":true,"href":"https:\/\/paroisses-ndl-spx.fr\/index.php?rest_route=\/wp\/v2\/users\/1"}],"replies":[{"embeddable":true,"href":"https:\/\/paroisses-ndl-spx.fr\/index.php?rest_route=%2Fwp%2Fv2%2Fcomments&post=283"}],"version-history":[{"count":11,"href":"https:\/\/paroisses-ndl-spx.fr\/index.php?rest_route=\/wp\/v2\/pages\/283\/revisions"}],"predecessor-version":[{"id":1560,"href":"https:\/\/paroisses-ndl-spx.fr\/index.php?rest_route=\/wp\/v2\/pages\/283\/revisions\/1560"}],"wp:attachment":[{"href":"https:\/\/paroisses-ndl-spx.fr\/index.php?rest_route=%2Fwp%2Fv2%2Fmedia&parent=283"}],"curies":[{"name":"wp","href":"https:\/\/api.w.org\/{rel}","templated":true}]}}