{"id":294,"date":"2024-09-06T16:25:40","date_gmt":"2024-09-06T14:25:40","guid":{"rendered":"http:\/\/paroisses-ndl-spx.fr\/?page_id=294"},"modified":"2025-10-02T14:21:46","modified_gmt":"2025-10-02T12:21:46","slug":"mentions-legales-paroissiale-paroisses-vannes-notre-dame-de-lourdes-saint-pie-x-ndl-spx","status":"publish","type":"page","link":"https:\/\/paroisses-ndl-spx.fr\/?page_id=294","title":{"rendered":"Mentions l\u00e9gales"},"content":{"rendered":"\n<h2 class=\"wp-block-heading\">Mentions l\u00e9gales<\/h2>\n\n\n\n<p>Vous \u00eates sur le site des paroisses de Notre-Dame de Lourdes et de Saint-Pie X (Morbihan).<\/p>\n\n\n\n<h2 class=\"wp-block-heading\">Support administratif<\/h2>\n\n\n\n<p>Association Dioc\u00e9saine de Vannes (ADV) \u2013 14 r Ev\u00e9ch\u00e9, 56000 Vannes<br>Courriel : communication@diocese-vannes.fr | T\u00e9l. : 06 58 81 95 51<\/p>\n\n\n\n<h2 class=\"wp-block-heading\">R\u00e9daction<\/h2>\n\n\n\n<p>Propri\u00e9taire du site : Association Dioc\u00e9saine de Vannes (ADV) \u2013 14 r Ev\u00e9ch\u00e9, 56000 Vannes<br>Responsable \u00e9ditorial : P. Philippe Marot \u2013 philmarot@hotmail.fr<\/p>\n\n\n\n<h2 class=\"wp-block-heading\">H\u00e9bergement<\/h2>\n\n\n\n<p>H\u00e9bergement assur\u00e9 par OVH SAS<br>Si\u00e8ge social : 2 rue Kellermann &#8211; 59100 Roubaix &#8211; France<\/p>\n\n\n\n<h2 class=\"wp-block-heading\">Traitement automatis\u00e9 d\u2019informations nominatives<\/h2>\n\n\n\n<p>Le site ne collecte sur les visiteurs du site aucune autre information nominative ou personnelle que celles qui lui sont ouvertement et volontairement fournies en particulier par l\u2019interm\u00e9diaire des adresses \u00e9lectroniques ou des formulaires de contact.<\/p>\n\n\n\n<p>Un syst\u00e8me de \u00ab cookies anonymes \u00bb est employ\u00e9 pour appr\u00e9cier l\u2019int\u00e9r\u00eat port\u00e9 par les internautes aux diverses rubriques du site.<\/p>\n\n\n\n<p>Nous vous rappelons que vous disposez d\u2019un droit d\u2019acc\u00e8s, de modification, de rectification et de suppression des donn\u00e9es vous concernant (article 34 de la loi \u00ab Informatique et Libert\u00e9s \u00bb du 6 janvier 1978).<\/p>\n\n\n\n<p>Pour exercer ce droit, adressez-vous \u00e0 : Service communication, 55 rue Mgr Tr\u00e9hiou, 56000 Vannes<\/p>\n\n\n\n<h2 class=\"wp-block-heading\">Respect de la vie priv\u00e9e<\/h2>\n\n\n\n<p>Ce site utilise l&rsquo;extension Independant Analytics, un service d\u2019analyse de site Internet fourni utilise des cookies, qui sont des fichiers texte plac\u00e9s sur votre ordinateur, pour aider le site internet \u00e0 analyser l\u2019utilisation du site par ses utilisateurs. Les donn\u00e9es g\u00e9n\u00e9r\u00e9es par les cookies concernant votre utilisation du site seront transmises et stock\u00e9es sur des serveurs situ\u00e9s aux Etats-Unis. Independant Analytics utilise cette information dans le but d\u2019\u00e9valuer votre utilisation du site, de compiler des rapports sur l\u2019activit\u00e9 du site \u00e0 destination de son \u00e9diteur et de fournir d\u2019autres services relatifs \u00e0 l\u2019activit\u00e9 du site et \u00e0 l\u2019utilisation d\u2019Internet.<\/p>\n\n\n\n<p>En dehors de cela, ce site ne collecte sur ses visiteurs aucune autre information nominative ou personnelle que celles qui lui sont ouvertement et volontairement fournies en particulier par l\u2019interm\u00e9diaire des adresses \u00e9lectroniques de ses correspondants ou des formulaires de contact.<\/p>\n","protected":false},"excerpt":{"rendered":"<p>Mentions l\u00e9gales Vous \u00eates sur le site des paroisses de Notre-Dame de Lourdes et de Saint-Pie X (Morbihan). Support administratif Association Dioc\u00e9saine de Vannes (ADV) \u2013 14 r Ev\u00e9ch\u00e9, 56000 VannesCourriel : communication@diocese-vannes.fr | T\u00e9l. : 06 58 81 95 51 R\u00e9daction Propri\u00e9taire du site : Association Dioc\u00e9saine de Vannes (ADV) \u2013 14 r Ev\u00e9ch\u00e9,<a class=\"more-link\" href=\"https:\/\/paroisses-ndl-spx.fr\/?page_id=294\">Lire la suite <span class=\"screen-reader-text\">\u00ab\u00a0Mentions l\u00e9gales\u00a0\u00bb<\/span><\/a><\/p>\n","protected":false},"author":1,"featured_media":0,"parent":0,"menu_order":0,"comment_status":"closed","ping_status":"closed","template":"","meta":{"iawp_total_views":66,"footnotes":""},"class_list":["post-294","page","type-page","status-publish","hentry","entry"],"_links":{"self":[{"href":"https:\/\/paroisses-ndl-spx.fr\/index.php?rest_route=\/wp\/v2\/pages\/294","targetHints":{"allow":["GET"]}}],"collection":[{"href":"https:\/\/paroisses-ndl-spx.fr\/index.php?rest_route=\/wp\/v2\/pages"}],"about":[{"href":"https:\/\/paroisses-ndl-spx.fr\/index.php?rest_route=\/wp\/v2\/types\/page"}],"author":[{"embeddable":true,"href":"https:\/\/paroisses-ndl-spx.fr\/index.php?rest_route=\/wp\/v2\/users\/1"}],"replies":[{"embeddable":true,"href":"https:\/\/paroisses-ndl-spx.fr\/index.php?rest_route=%2Fwp%2Fv2%2Fcomments&post=294"}],"version-history":[{"count":13,"href":"https:\/\/paroisses-ndl-spx.fr\/index.php?rest_route=\/wp\/v2\/pages\/294\/revisions"}],"predecessor-version":[{"id":1491,"href":"https:\/\/paroisses-ndl-spx.fr\/index.php?rest_route=\/wp\/v2\/pages\/294\/revisions\/1491"}],"wp:attachment":[{"href":"https:\/\/paroisses-ndl-spx.fr\/index.php?rest_route=%2Fwp%2Fv2%2Fmedia&parent=294"}],"curies":[{"name":"wp","href":"https:\/\/api.w.org\/{rel}","templated":true}]}}