{"id":329,"date":"2024-09-09T10:37:24","date_gmt":"2024-09-09T08:37:24","guid":{"rendered":"http:\/\/paroisses-ndl-spx.fr\/?page_id=329"},"modified":"2025-11-03T10:43:42","modified_gmt":"2025-11-03T09:43:42","slug":"les-equipes-et-conseils-paroisses-vannes-saint-pie-x-notre-dame-de-lourdes-ndl-spx","status":"publish","type":"page","link":"https:\/\/paroisses-ndl-spx.fr\/?page_id=329","title":{"rendered":"Les \u00e9quipes et conseils"},"content":{"rendered":"\n<div style=\"height:20px\" aria-hidden=\"true\" class=\"wp-block-spacer\"><\/div>\n\n\n\n<h2 class=\"wp-block-heading has-secondary-color has-text-color has-link-color wp-elements-4ec2758c7816a623c27a405153268237\">L\u2019\u00e9quipe pastorale \u00e9largie (EPE)<\/h2>\n\n\n\n<p>A l\u2019\u00e9coute de tous les paroissiens, l\u2019EPE conseille et suit la vie quotidienne des paroisses.<\/p>\n\n\n\n<p>Outre les deux pr\u00eatres (P\u00e8re Philippe, P\u00e8re Paul), sont membres de l\u2019EPE : L\u00e9on Bridaux (diacre), Xavier Briatte (diacre), Aude Bordeaux-Montrieux (r\u00e9f. NDL), Alexis Dufourcq (r\u00e9f. SPX), Beno\u00eet et Catherine Laplaize (resp. Communaut\u00e9 de l&rsquo;Emmanuel) et Sabine Bricquet (secr\u00e9taire).<\/p>\n\n\n\n<hr class=\"wp-block-separator has-text-color has-secondary-color has-alpha-channel-opacity has-secondary-background-color has-background is-style-wide\"\/>\n\n\n\n<h2 class=\"wp-block-heading has-secondary-color has-text-color has-link-color wp-elements-a09a6f455bca3482c708e131e9257cb8\">Le Groupe d\u2019Animation Paroissiale (GAP)<\/h2>\n\n\n\n<p>Le GAP r\u00e9fl\u00e9chit \u00e0 la mise en \u0153uvre des orientations pastorales.<\/p>\n\n\n\n<p>Les membres du GAP sont : Fran\u00e7ois et B\u00e9atrice Cazaban (Accueil), Jean-Marie et Marie-Luce Guezel (Liturgie), Laurent Crampond (Parcours Alpha), Christian et Isabelle Le Mintier (Adoration Perp\u00e9tuelle), Chantal Gurtler (Fraternit\u00e9s Paroissiales), Franck Charoy (\u00c9vang\u00e9lisation).<\/p>\n\n\n\n<hr class=\"wp-block-separator has-text-color has-secondary-color has-alpha-channel-opacity has-secondary-background-color has-background is-style-wide\"\/>\n\n\n\n<h2 class=\"wp-block-heading has-secondary-color has-text-color has-link-color wp-elements-96071d48659fc01c8457e50f39e2bd71\">Les conseils \u00e9conomiques<\/h2>\n\n\n\n<p>Ils apportent leur aide pour la gestion des biens de la paroisse.<\/p>\n\n\n\n<p><strong>\u00c0 Notre-Dame de Lourdes :<\/strong> P\u00e8re Philippe, L\u00e9on Bridaux, Soazig Angier, Dominique Becquart, Jean-Luc Sirard, Pierre Le Bodo, Dominique Gilbert, Hubert Poupard.<\/p>\n\n\n\n<p><strong>\u00c0 Saint-Pie X : <\/strong>P\u00e8re Philippe, L\u00e9on Bridaux, Jean-Yves Cavaud, Herv\u00e9 Le Fournier, R\u00e9gis de Couesbouc, Christian Richard.<\/p>\n","protected":false},"excerpt":{"rendered":"<p>L\u2019\u00e9quipe pastorale \u00e9largie (EPE) A l\u2019\u00e9coute de tous les paroissiens, l\u2019EPE conseille et suit la vie quotidienne des paroisses. Outre les deux pr\u00eatres (P\u00e8re Philippe, P\u00e8re Paul), sont membres de l\u2019EPE : L\u00e9on Bridaux (diacre), Xavier Briatte (diacre), Aude Bordeaux-Montrieux (r\u00e9f. NDL), Alexis Dufourcq (r\u00e9f. SPX), Beno\u00eet et Catherine Laplaize (resp. Communaut\u00e9 de l&rsquo;Emmanuel) et<a class=\"more-link\" href=\"https:\/\/paroisses-ndl-spx.fr\/?page_id=329\">Lire la suite <span class=\"screen-reader-text\">\u00ab\u00a0Les \u00e9quipes et conseils\u00a0\u00bb<\/span><\/a><\/p>\n","protected":false},"author":1,"featured_media":0,"parent":0,"menu_order":0,"comment_status":"closed","ping_status":"closed","template":"","meta":{"iawp_total_views":518,"footnotes":""},"class_list":["post-329","page","type-page","status-publish","hentry","entry"],"_links":{"self":[{"href":"https:\/\/paroisses-ndl-spx.fr\/index.php?rest_route=\/wp\/v2\/pages\/329","targetHints":{"allow":["GET"]}}],"collection":[{"href":"https:\/\/paroisses-ndl-spx.fr\/index.php?rest_route=\/wp\/v2\/pages"}],"about":[{"href":"https:\/\/paroisses-ndl-spx.fr\/index.php?rest_route=\/wp\/v2\/types\/page"}],"author":[{"embeddable":true,"href":"https:\/\/paroisses-ndl-spx.fr\/index.php?rest_route=\/wp\/v2\/users\/1"}],"replies":[{"embeddable":true,"href":"https:\/\/paroisses-ndl-spx.fr\/index.php?rest_route=%2Fwp%2Fv2%2Fcomments&post=329"}],"version-history":[{"count":9,"href":"https:\/\/paroisses-ndl-spx.fr\/index.php?rest_route=\/wp\/v2\/pages\/329\/revisions"}],"predecessor-version":[{"id":1579,"href":"https:\/\/paroisses-ndl-spx.fr\/index.php?rest_route=\/wp\/v2\/pages\/329\/revisions\/1579"}],"wp:attachment":[{"href":"https:\/\/paroisses-ndl-spx.fr\/index.php?rest_route=%2Fwp%2Fv2%2Fmedia&parent=329"}],"curies":[{"name":"wp","href":"https:\/\/api.w.org\/{rel}","templated":true}]}}