{"id":337,"date":"2024-09-10T13:57:35","date_gmt":"2024-09-10T11:57:35","guid":{"rendered":"http:\/\/paroisses-ndl-spx.fr\/?page_id=337"},"modified":"2026-04-16T11:22:42","modified_gmt":"2026-04-16T09:22:42","slug":"horaires-des-messes-paroisses-vannes-notre-dame-de-lourdes-saint-pie-x-ndl-spx","status":"publish","type":"page","link":"https:\/\/paroisses-ndl-spx.fr\/?page_id=337","title":{"rendered":"Horaires des messes"},"content":{"rendered":"<div class=\"wp-block-image\">\n<figure class=\"aligncenter size-medium is-resized\"><img loading=\"lazy\" decoding=\"async\" width=\"260\" height=\"300\" src=\"http:\/\/paroisses-ndl-spx.fr\/wp-content\/uploads\/2024\/12\/eglise-saint-pie-x-paroisses-vannes-notre-dame-de-lourdes-ndl-spx-horaires-messes-260x300.jpg\" alt=\"horaires messes \u00e0 l'\u00e9glise de Vannes Saint Pie X Notre-Dame de Lourdes\" class=\"wp-image-827\" style=\"aspect-ratio:0.866738894907909;width:122px;height:auto\" srcset=\"https:\/\/paroisses-ndl-spx.fr\/wp-content\/uploads\/2024\/12\/eglise-saint-pie-x-paroisses-vannes-notre-dame-de-lourdes-ndl-spx-horaires-messes-260x300.jpg 260w, https:\/\/paroisses-ndl-spx.fr\/wp-content\/uploads\/2024\/12\/eglise-saint-pie-x-paroisses-vannes-notre-dame-de-lourdes-ndl-spx-horaires-messes-768x885.jpg 768w, https:\/\/paroisses-ndl-spx.fr\/wp-content\/uploads\/2024\/12\/eglise-saint-pie-x-paroisses-vannes-notre-dame-de-lourdes-ndl-spx-horaires-messes.jpg 800w\" sizes=\"auto, (max-width: 260px) 100vw, 260px\" \/><\/figure>\n<\/div>\n\n\n<h3 class=\"wp-block-heading has-secondary-color has-text-color has-link-color wp-elements-e38169c62cab7a0087a566577b25eb46\">Messes dominicales (hors \u00e9t\u00e9)<\/h3>\n\n\n\n<p>Samedi :<br><strong>18 h 00<\/strong> \u00e0 Notre-Dame de Lourdes<\/p>\n\n\n\n<p>Dimanche :<br><strong>10 h 30<\/strong> \u00e0 Notre-Dame de Lourdes <br><strong>9 h 30 et 11 h 00<\/strong> \u00e0 Saint-Pie X<\/p>\n\n\n\n<h3 class=\"wp-block-heading has-secondary-color has-text-color has-link-color wp-elements-1cd983c09c2f1fc2501d3f7db8685574\">Messes de semaine<\/h3>\n\n\n\n<p><strong>18 h 30<\/strong> : lundi, mardi et vendredi \u00e0 Saint-Pie X <br><strong>9 h 30<\/strong> : mercredi, jeudi et samedi \u00e0 Notre-Dame de Lourdes<\/p>\n\n\n\n<div class=\"wp-block-group has-background\" style=\"background-color:#faf26452\"><div class=\"wp-block-group__inner-container is-layout-constrained wp-block-group-is-layout-constrained\">\n<h3 class=\"wp-block-heading has-secondary-color has-text-color has-link-color wp-elements-a59da1cebc10372c5fc6240b85c4b678\">Messes du 5 juillet au 31 ao\u00fbt<\/h3>\n\n\n\n<p>Le samedi :<br><strong>18 h 00<\/strong> \u00e0 Notre-Dame de Lourdes<\/p>\n\n\n\n<p>Le dimanche :<br><strong>9 h 30<\/strong> \u00e0 Notre-Dame de Lourdes<br><strong>11 h 00<\/strong> \u00e0 Saint-Pie X<\/p>\n\n\n\n<p><strong>18 h 30<\/strong> mardi et vendredi \u00e0 Saint-Pie X <br><strong>9 h 30<\/strong> mercredi, jeudi et samedi \u00e0 Notre-Dame de Lourdes<\/p>\n<\/div><\/div>\n\n\n\n<div style=\"height:20px\" aria-hidden=\"true\" class=\"wp-block-spacer\"><\/div>\n\n\n\n<p><\/p>\n","protected":false},"excerpt":{"rendered":"<p>Messes dominicales (hors \u00e9t\u00e9) Samedi :18 h 00 \u00e0 Notre-Dame de Lourdes Dimanche :10 h 30 \u00e0 Notre-Dame de Lourdes 9 h 30 et 11 h 00 \u00e0 Saint-Pie X Messes de semaine 18 h 30 : lundi, mardi et vendredi \u00e0 Saint-Pie X 9 h 30 : mercredi, jeudi et samedi \u00e0 Notre-Dame de<a class=\"more-link\" href=\"https:\/\/paroisses-ndl-spx.fr\/?page_id=337\">Lire la suite <span class=\"screen-reader-text\">\u00ab\u00a0Horaires des messes\u00a0\u00bb<\/span><\/a><\/p>\n","protected":false},"author":1,"featured_media":0,"parent":0,"menu_order":0,"comment_status":"closed","ping_status":"closed","template":"","meta":{"iawp_total_views":9574,"footnotes":""},"class_list":["post-337","page","type-page","status-publish","hentry","entry"],"_links":{"self":[{"href":"https:\/\/paroisses-ndl-spx.fr\/index.php?rest_route=\/wp\/v2\/pages\/337","targetHints":{"allow":["GET"]}}],"collection":[{"href":"https:\/\/paroisses-ndl-spx.fr\/index.php?rest_route=\/wp\/v2\/pages"}],"about":[{"href":"https:\/\/paroisses-ndl-spx.fr\/index.php?rest_route=\/wp\/v2\/types\/page"}],"author":[{"embeddable":true,"href":"https:\/\/paroisses-ndl-spx.fr\/index.php?rest_route=\/wp\/v2\/users\/1"}],"replies":[{"embeddable":true,"href":"https:\/\/paroisses-ndl-spx.fr\/index.php?rest_route=%2Fwp%2Fv2%2Fcomments&post=337"}],"version-history":[{"count":30,"href":"https:\/\/paroisses-ndl-spx.fr\/index.php?rest_route=\/wp\/v2\/pages\/337\/revisions"}],"predecessor-version":[{"id":1712,"href":"https:\/\/paroisses-ndl-spx.fr\/index.php?rest_route=\/wp\/v2\/pages\/337\/revisions\/1712"}],"wp:attachment":[{"href":"https:\/\/paroisses-ndl-spx.fr\/index.php?rest_route=%2Fwp%2Fv2%2Fmedia&parent=337"}],"curies":[{"name":"wp","href":"https:\/\/api.w.org\/{rel}","templated":true}]}}