{"id":344,"date":"2024-09-10T15:50:55","date_gmt":"2024-09-10T13:50:55","guid":{"rendered":"http:\/\/paroisses-ndl-spx.fr\/?page_id=344"},"modified":"2025-10-02T15:11:30","modified_gmt":"2025-10-02T13:11:30","slug":"adoration-perpetuel-paroisses-vannes-notre-dame-de-lourdes-saint-pie-x-ndl-spx","status":"publish","type":"page","link":"https:\/\/paroisses-ndl-spx.fr\/?page_id=344","title":{"rendered":"Qu\u2019est-ce que l\u2019Adoration ?"},"content":{"rendered":"\n<p><strong>Depuis 2008, plus de 300 paroissiens se relaient tous les jours, 24h\/24h, \u00e0 Saint-Pie X dans l&rsquo;oratoire, pour veiller aupr\u00e8s du Seigneur et lui confier toutes vos intentions de pri\u00e8res.<\/strong><\/p>\n\n\n\n<p>Adorer le Saint- Sacrement, c\u2019est reconna\u00eetre la pr\u00e9sence r\u00e9elle du Corps et du Sang du Christ dans le signe \u2013 sacrement veut dire signe \u2013 du pain et du vin, consacr\u00e9s au moment de la messe. <\/p>\n\n\n\n<p>L\u2019adoration est l\u2019expression de notre reconnaissance et de notre \u00e9merveillement pour ce que le Christ a fait pour nous : avant de verser son sang pour nous sauver, lors de son dernier repas, Il nous a donn\u00e9 sa chair en nourriture (Jean, 6). D\u00e9sormais, Il est pr\u00e9sent au milieu de son peuple, l\u2019\u00c9glise, tous les jours et jusqu\u2019\u00e0 la fin des temps.<\/p>\n\n\n<div class=\"wp-block-image\">\n<figure class=\"aligncenter size-full\"><img loading=\"lazy\" decoding=\"async\" width=\"800\" height=\"420\" src=\"http:\/\/paroisses-ndl-spx.fr\/wp-content\/uploads\/2024\/12\/eglise-saint-pie-x-paroisses-vannes-notre-dame-de-lourdes-ndl-spx-adoration.jpg\" alt=\"Adoration \u00e0 l'\u00e9glise de Vannes Saint Pie X Notre-Dame de Lourdes\" class=\"wp-image-787\" srcset=\"https:\/\/paroisses-ndl-spx.fr\/wp-content\/uploads\/2024\/12\/eglise-saint-pie-x-paroisses-vannes-notre-dame-de-lourdes-ndl-spx-adoration.jpg 800w, https:\/\/paroisses-ndl-spx.fr\/wp-content\/uploads\/2024\/12\/eglise-saint-pie-x-paroisses-vannes-notre-dame-de-lourdes-ndl-spx-adoration-300x158.jpg 300w, https:\/\/paroisses-ndl-spx.fr\/wp-content\/uploads\/2024\/12\/eglise-saint-pie-x-paroisses-vannes-notre-dame-de-lourdes-ndl-spx-adoration-768x403.jpg 768w\" sizes=\"auto, (max-width: 800px) 100vw, 800px\" \/><\/figure>\n<\/div>\n\n\n<p><\/p>\n\n\n\n<blockquote class=\"wp-block-quote is-layout-flow wp-block-quote-is-layout-flow\">\n<p>\u00ab Tu aimeras le Seigneur de tout ton coeur, de toute ton \u00e2me, de toutes tes forces et de tout ton esprit.&nbsp;\u00bb Matthieu 4,10<\/p>\n<\/blockquote>\n\n\n\n<p>Adorer, c\u2019est donc se mettre en sa pr\u00e9sence afin de laisser l\u2019amour grandir en nous. L\u2019adoration du Corps eucharistique du Christ se fait lors de la c\u00e9l\u00e9bration de la messe, particuli\u00e8rement au moment de la cons\u00e9cration et de la communion. L\u2019exposition et l\u2019adoration du Saint- Sacrement, le matin, l\u2019apr\u00e8s-midi, en soir\u00e9e ou la nuit, peuvent prolonger ce temps d\u2019adoration. <\/p>\n\n\n\n<p>N&rsquo;oublions pas que le Christ est aussi pr\u00e9sent dans sa Parole et en chacun de nous lorsque nous communions : nous sommes le corps du Christ.<\/p>\n\n\n\n<h2 class=\"wp-block-heading has-secondary-color has-text-color has-link-color wp-elements-04c42c3e3228f5a0adb81832c75c9af3\"><strong>Contact <\/strong><\/h2>\n\n\n\n<p><strong>Christian et Isabelle Le Mintier<\/strong> &#8211; <a href=\"tel:0660570936\">06 60 57 09 36<\/a> &#8211; <a href=\"mailto:ado.spx@gmail.com\">ado.spx@gmail.com<\/a><\/p>\n\n\n\n<h3 class=\"wp-block-heading has-secondary-color has-text-color has-link-color wp-elements-e501cbb4ea6a4f17542a332febadcdf9\">L&rsquo;Adoration, un tr\u00e9sor \u00e0 d\u00e9couvrir et \u00e0 red\u00e9couvrir<\/h3>\n\n\n\n<p>\u00c9couter l&rsquo;hom\u00e9lie du p\u00e8re J\u00e9r\u00f4me Dernoncourt :<\/p>\n\n\n\n<figure class=\"wp-block-audio\"><audio controls src=\"https:\/\/paroisses-ndl-spx.fr\/wp-content\/uploads\/2025\/01\/Homelie-Pere-Jerome-SPX-adoration-.mp3\"><\/audio><\/figure>\n\n\n\n<p><\/p>\n","protected":false},"excerpt":{"rendered":"<p>Depuis 2008, plus de 300 paroissiens se relaient tous les jours, 24h\/24h, \u00e0 Saint-Pie X dans l&rsquo;oratoire, pour veiller aupr\u00e8s du Seigneur et lui confier toutes vos intentions de pri\u00e8res. Adorer le Saint- Sacrement, c\u2019est reconna\u00eetre la pr\u00e9sence r\u00e9elle du Corps et du Sang du Christ dans le signe \u2013 sacrement veut dire signe \u2013<a class=\"more-link\" href=\"https:\/\/paroisses-ndl-spx.fr\/?page_id=344\">Lire la suite <span class=\"screen-reader-text\">\u00ab\u00a0Qu\u2019est-ce que l\u2019Adoration ?\u00a0\u00bb<\/span><\/a><\/p>\n","protected":false},"author":1,"featured_media":0,"parent":0,"menu_order":0,"comment_status":"closed","ping_status":"closed","template":"","meta":{"iawp_total_views":593,"footnotes":""},"class_list":["post-344","page","type-page","status-publish","hentry","entry"],"_links":{"self":[{"href":"https:\/\/paroisses-ndl-spx.fr\/index.php?rest_route=\/wp\/v2\/pages\/344","targetHints":{"allow":["GET"]}}],"collection":[{"href":"https:\/\/paroisses-ndl-spx.fr\/index.php?rest_route=\/wp\/v2\/pages"}],"about":[{"href":"https:\/\/paroisses-ndl-spx.fr\/index.php?rest_route=\/wp\/v2\/types\/page"}],"author":[{"embeddable":true,"href":"https:\/\/paroisses-ndl-spx.fr\/index.php?rest_route=\/wp\/v2\/users\/1"}],"replies":[{"embeddable":true,"href":"https:\/\/paroisses-ndl-spx.fr\/index.php?rest_route=%2Fwp%2Fv2%2Fcomments&post=344"}],"version-history":[{"count":24,"href":"https:\/\/paroisses-ndl-spx.fr\/index.php?rest_route=\/wp\/v2\/pages\/344\/revisions"}],"predecessor-version":[{"id":1503,"href":"https:\/\/paroisses-ndl-spx.fr\/index.php?rest_route=\/wp\/v2\/pages\/344\/revisions\/1503"}],"wp:attachment":[{"href":"https:\/\/paroisses-ndl-spx.fr\/index.php?rest_route=%2Fwp%2Fv2%2Fmedia&parent=344"}],"curies":[{"name":"wp","href":"https:\/\/api.w.org\/{rel}","templated":true}]}}